{"id":10590149,"date":"2023-02-28T19:33:50","date_gmt":"2023-02-28T18:33:50","guid":{"rendered":"https:\/\/acm.mc\/automobile-club\/corps-of-marshals\/photos\/"},"modified":"2026-03-23T09:55:06","modified_gmt":"2026-03-23T08:55:06","slug":"photos","status":"publish","type":"page","link":"https:\/\/acm.mc\/en\/automobile-club\/corps-of-marshals\/photos\/","title":{"rendered":"Photos"},"content":{"rendered":"","protected":false},"excerpt":{"rendered":"","protected":false},"author":2,"featured_media":10590078,"parent":8704,"menu_order":116,"comment_status":"closed","ping_status":"closed","template":"","meta":{"_acf_changed":false,"footnotes":""},"categories":[],"class_list":["post-10590149","page","type-page","status-publish","has-post-thumbnail","hentry"],"acf":{"icone_quick_link":"<i class=\"fas fa-images\" aria-hidden=\"true\"><\/i>","afficher_la_page_en_grise":false,"activer_la_redirection":false,"contenu_des_pages":[{"acf_fc_layout":"bloc-galerie-photos","titre":"Photos 2026","type_de_galerie":"multiple","galerie_simple":false,"galeries_multiples":[{"titre_galerie":"R\u00e9p\u00e9tition g\u00e9n\u00e9rale \/ Dress Rehearsal","galerie":[{"ID":10618110,"id":10618110,"title":"_SPS1458","filename":"SPS1458.jpg","filesize":287502,"url":"https:\/\/acm.mc\/wp-content\/uploads\/2026\/03\/SPS1458.jpg","link":"https:\/\/acm.mc\/en\/automobile-club\/corps-of-marshals\/photos\/_sps1458-2\/","alt":"","author":"1","description":"","caption":"","name":"_sps1458-2","status":"inherit","uploaded_to":10590149,"date":"2026-03-23 08:49:51","modified":"2026-03-23 08:49:51","menu_order":0,"mime_type":"image\/jpeg","type":"image","subtype":"jpeg","icon":"https:\/\/acm.mc\/wp-includes\/images\/media\/default.png","width":1680,"height":1121,"sizes":{"thumbnail":"https:\/\/acm.mc\/wp-content\/uploads\/2026\/03\/SPS1458-150x150.jpg","thumbnail-width":150,"thumbnail-height":150,"medium":"https:\/\/acm.mc\/wp-content\/uploads\/2026\/03\/SPS1458-300x200.jpg","medium-width":300,"medium-height":200,"medium_large":"https:\/\/acm.mc\/wp-content\/uploads\/2026\/03\/SPS1458-768x512.jpg","medium_large-width":768,"medium_large-height":512,"large":"https:\/\/acm.mc\/wp-content\/uploads\/2026\/03\/SPS1458-1024x683.jpg","large-width":1024,"large-height":683,"1536x1536":"https:\/\/acm.mc\/wp-content\/uploads\/2026\/03\/SPS1458-1536x1025.jpg","1536x1536-width":1536,"1536x1536-height":1025,"2048x2048":"https:\/\/acm.mc\/wp-content\/uploads\/2026\/03\/SPS1458.jpg","2048x2048-width":1680,"2048x2048-height":1121,"wide":"https:\/\/acm.mc\/wp-content\/uploads\/2026\/03\/SPS1458.jpg","wide-width":1680,"wide-height":1121,"fastaccess":"https:\/\/acm.mc\/wp-content\/uploads\/2026\/03\/SPS1458-416x180.jpg","fastaccess-width":416,"fastaccess-height":180}},{"ID":10618100,"id":10618100,"title":"acm_SPS1469","filename":"acm_SPS1469.jpg","filesize":459676,"url":"https:\/\/acm.mc\/wp-content\/uploads\/2026\/03\/acm_SPS1469.jpg","link":"https:\/\/acm.mc\/en\/dress-rehearsal\/acm_sps1469-2\/","alt":"","author":"1","description":"","caption":"","name":"acm_sps1469-2","status":"inherit","uploaded_to":10618106,"date":"2026-03-23 08:28:05","modified":"2026-03-23 08:50:28","menu_order":0,"mime_type":"image\/jpeg","type":"image","subtype":"jpeg","icon":"https:\/\/acm.mc\/wp-includes\/images\/media\/default.png","width":1680,"height":1120,"sizes":{"thumbnail":"https:\/\/acm.mc\/wp-content\/uploads\/2026\/03\/acm_SPS1469-150x150.jpg","thumbnail-width":150,"thumbnail-height":150,"medium":"https:\/\/acm.mc\/wp-content\/uploads\/2026\/03\/acm_SPS1469-300x200.jpg","medium-width":300,"medium-height":200,"medium_large":"https:\/\/acm.mc\/wp-content\/uploads\/2026\/03\/acm_SPS1469-768x512.jpg","medium_large-width":768,"medium_large-height":512,"large":"https:\/\/acm.mc\/wp-content\/uploads\/2026\/03\/acm_SPS1469-1024x683.jpg","large-width":1024,"large-height":683,"1536x1536":"https:\/\/acm.mc\/wp-content\/uploads\/2026\/03\/acm_SPS1469-1536x1024.jpg","1536x1536-width":1536,"1536x1536-height":1024,"2048x2048":"https:\/\/acm.mc\/wp-content\/uploads\/2026\/03\/acm_SPS1469.jpg","2048x2048-width":1680,"2048x2048-height":1120,"wide":"https:\/\/acm.mc\/wp-content\/uploads\/2026\/03\/acm_SPS1469.jpg","wide-width":1680,"wide-height":1120,"fastaccess":"https:\/\/acm.mc\/wp-content\/uploads\/2026\/03\/acm_SPS1469-416x180.jpg","fastaccess-width":416,"fastaccess-height":180}},{"ID":10618112,"id":10618112,"title":"_SPS1617","filename":"SPS1617.jpg","filesize":364831,"url":"https:\/\/acm.mc\/wp-content\/uploads\/2026\/03\/SPS1617.jpg","link":"https:\/\/acm.mc\/en\/automobile-club\/corps-of-marshals\/photos\/_sps1617-2\/","alt":"","author":"1","description":"","caption":"","name":"_sps1617-2","status":"inherit","uploaded_to":10590149,"date":"2026-03-23 08:49:54","modified":"2026-03-23 08:49:54","menu_order":0,"mime_type":"image\/jpeg","type":"image","subtype":"jpeg","icon":"https:\/\/acm.mc\/wp-includes\/images\/media\/default.png","width":1680,"height":1121,"sizes":{"thumbnail":"https:\/\/acm.mc\/wp-content\/uploads\/2026\/03\/SPS1617-150x150.jpg","thumbnail-width":150,"thumbnail-height":150,"medium":"https:\/\/acm.mc\/wp-content\/uploads\/2026\/03\/SPS1617-300x200.jpg","medium-width":300,"medium-height":200,"medium_large":"https:\/\/acm.mc\/wp-content\/uploads\/2026\/03\/SPS1617-768x512.jpg","medium_large-width":768,"medium_large-height":512,"large":"https:\/\/acm.mc\/wp-content\/uploads\/2026\/03\/SPS1617-1024x683.jpg","large-width":1024,"large-height":683,"1536x1536":"https:\/\/acm.mc\/wp-content\/uploads\/2026\/03\/SPS1617-1536x1025.jpg","1536x1536-width":1536,"1536x1536-height":1025,"2048x2048":"https:\/\/acm.mc\/wp-content\/uploads\/2026\/03\/SPS1617.jpg","2048x2048-width":1680,"2048x2048-height":1121,"wide":"https:\/\/acm.mc\/wp-content\/uploads\/2026\/03\/SPS1617.jpg","wide-width":1680,"wide-height":1121,"fastaccess":"https:\/\/acm.mc\/wp-content\/uploads\/2026\/03\/SPS1617-416x180.jpg","fastaccess-width":416,"fastaccess-height":180}},{"ID":10618114,"id":10618114,"title":"_SPS3339","filename":"SPS3339.jpg","filesize":612199,"url":"https:\/\/acm.mc\/wp-content\/uploads\/2026\/03\/SPS3339.jpg","link":"https:\/\/acm.mc\/en\/automobile-club\/corps-of-marshals\/photos\/_sps3339-2\/","alt":"","author":"1","description":"","caption":"","name":"_sps3339-2","status":"inherit","uploaded_to":10590149,"date":"2026-03-23 08:49:57","modified":"2026-03-23 08:49:57","menu_order":0,"mime_type":"image\/jpeg","type":"image","subtype":"jpeg","icon":"https:\/\/acm.mc\/wp-includes\/images\/media\/default.png","width":1680,"height":1121,"sizes":{"thumbnail":"https:\/\/acm.mc\/wp-content\/uploads\/2026\/03\/SPS3339-150x150.jpg","thumbnail-width":150,"thumbnail-height":150,"medium":"https:\/\/acm.mc\/wp-content\/uploads\/2026\/03\/SPS3339-300x200.jpg","medium-width":300,"medium-height":200,"medium_large":"https:\/\/acm.mc\/wp-content\/uploads\/2026\/03\/SPS3339-768x512.jpg","medium_large-width":768,"medium_large-height":512,"large":"https:\/\/acm.mc\/wp-content\/uploads\/2026\/03\/SPS3339-1024x683.jpg","large-width":1024,"large-height":683,"1536x1536":"https:\/\/acm.mc\/wp-content\/uploads\/2026\/03\/SPS3339-1536x1025.jpg","1536x1536-width":1536,"1536x1536-height":1025,"2048x2048":"https:\/\/acm.mc\/wp-content\/uploads\/2026\/03\/SPS3339.jpg","2048x2048-width":1680,"2048x2048-height":1121,"wide":"https:\/\/acm.mc\/wp-content\/uploads\/2026\/03\/SPS3339.jpg","wide-width":1680,"wide-height":1121,"fastaccess":"https:\/\/acm.mc\/wp-content\/uploads\/2026\/03\/SPS3339-416x180.jpg","fastaccess-width":416,"fastaccess-height":180}},{"ID":10618116,"id":10618116,"title":"_SPS3378","filename":"SPS3378.jpg","filesize":535981,"url":"https:\/\/acm.mc\/wp-content\/uploads\/2026\/03\/SPS3378.jpg","link":"https:\/\/acm.mc\/en\/automobile-club\/corps-of-marshals\/photos\/_sps3378-2\/","alt":"","author":"1","description":"","caption":"","name":"_sps3378-2","status":"inherit","uploaded_to":10590149,"date":"2026-03-23 08:49:59","modified":"2026-03-23 08:49:59","menu_order":0,"mime_type":"image\/jpeg","type":"image","subtype":"jpeg","icon":"https:\/\/acm.mc\/wp-includes\/images\/media\/default.png","width":1680,"height":1121,"sizes":{"thumbnail":"https:\/\/acm.mc\/wp-content\/uploads\/2026\/03\/SPS3378-150x150.jpg","thumbnail-width":150,"thumbnail-height":150,"medium":"https:\/\/acm.mc\/wp-content\/uploads\/2026\/03\/SPS3378-300x200.jpg","medium-width":300,"medium-height":200,"medium_large":"https:\/\/acm.mc\/wp-content\/uploads\/2026\/03\/SPS3378-768x512.jpg","medium_large-width":768,"medium_large-height":512,"large":"https:\/\/acm.mc\/wp-content\/uploads\/2026\/03\/SPS3378-1024x683.jpg","large-width":1024,"large-height":683,"1536x1536":"https:\/\/acm.mc\/wp-content\/uploads\/2026\/03\/SPS3378-1536x1025.jpg","1536x1536-width":1536,"1536x1536-height":1025,"2048x2048":"https:\/\/acm.mc\/wp-content\/uploads\/2026\/03\/SPS3378.jpg","2048x2048-width":1680,"2048x2048-height":1121,"wide":"https:\/\/acm.mc\/wp-content\/uploads\/2026\/03\/SPS3378.jpg","wide-width":1680,"wide-height":1121,"fastaccess":"https:\/\/acm.mc\/wp-content\/uploads\/2026\/03\/SPS3378-416x180.jpg","fastaccess-width":416,"fastaccess-height":180}},{"ID":10618118,"id":10618118,"title":"ACM-060","filename":"ACM-060.jpeg","filesize":528053,"url":"https:\/\/acm.mc\/wp-content\/uploads\/2026\/03\/ACM-060.jpeg","link":"https:\/\/acm.mc\/en\/automobile-club\/corps-of-marshals\/photos\/acm-060-2\/","alt":"","author":"1","description":"","caption":"","name":"acm-060-2","status":"inherit","uploaded_to":10590149,"date":"2026-03-23 08:50:01","modified":"2026-03-23 08:50:01","menu_order":0,"mime_type":"image\/jpeg","type":"image","subtype":"jpeg","icon":"https:\/\/acm.mc\/wp-includes\/images\/media\/default.png","width":1120,"height":1680,"sizes":{"thumbnail":"https:\/\/acm.mc\/wp-content\/uploads\/2026\/03\/ACM-060-150x150.jpeg","thumbnail-width":150,"thumbnail-height":150,"medium":"https:\/\/acm.mc\/wp-content\/uploads\/2026\/03\/ACM-060-200x300.jpeg","medium-width":200,"medium-height":300,"medium_large":"https:\/\/acm.mc\/wp-content\/uploads\/2026\/03\/ACM-060-768x1152.jpeg","medium_large-width":768,"medium_large-height":1152,"large":"https:\/\/acm.mc\/wp-content\/uploads\/2026\/03\/ACM-060-683x1024.jpeg","large-width":683,"large-height":1024,"1536x1536":"https:\/\/acm.mc\/wp-content\/uploads\/2026\/03\/ACM-060-1024x1536.jpeg","1536x1536-width":1024,"1536x1536-height":1536,"2048x2048":"https:\/\/acm.mc\/wp-content\/uploads\/2026\/03\/ACM-060.jpeg","2048x2048-width":1120,"2048x2048-height":1680,"wide":"https:\/\/acm.mc\/wp-content\/uploads\/2026\/03\/ACM-060-1120x1200.jpeg","wide-width":1120,"wide-height":1200,"fastaccess":"https:\/\/acm.mc\/wp-content\/uploads\/2026\/03\/ACM-060-416x180.jpeg","fastaccess-width":416,"fastaccess-height":180}},{"ID":10618120,"id":10618120,"title":"ACM-062","filename":"ACM-062.jpeg","filesize":344864,"url":"https:\/\/acm.mc\/wp-content\/uploads\/2026\/03\/ACM-062.jpeg","link":"https:\/\/acm.mc\/en\/automobile-club\/corps-of-marshals\/photos\/acm-062-2\/","alt":"","author":"1","description":"","caption":"","name":"acm-062-2","status":"inherit","uploaded_to":10590149,"date":"2026-03-23 08:50:04","modified":"2026-03-23 08:50:04","menu_order":0,"mime_type":"image\/jpeg","type":"image","subtype":"jpeg","icon":"https:\/\/acm.mc\/wp-includes\/images\/media\/default.png","width":1120,"height":1680,"sizes":{"thumbnail":"https:\/\/acm.mc\/wp-content\/uploads\/2026\/03\/ACM-062-150x150.jpeg","thumbnail-width":150,"thumbnail-height":150,"medium":"https:\/\/acm.mc\/wp-content\/uploads\/2026\/03\/ACM-062-200x300.jpeg","medium-width":200,"medium-height":300,"medium_large":"https:\/\/acm.mc\/wp-content\/uploads\/2026\/03\/ACM-062-768x1152.jpeg","medium_large-width":768,"medium_large-height":1152,"large":"https:\/\/acm.mc\/wp-content\/uploads\/2026\/03\/ACM-062-683x1024.jpeg","large-width":683,"large-height":1024,"1536x1536":"https:\/\/acm.mc\/wp-content\/uploads\/2026\/03\/ACM-062-1024x1536.jpeg","1536x1536-width":1024,"1536x1536-height":1536,"2048x2048":"https:\/\/acm.mc\/wp-content\/uploads\/2026\/03\/ACM-062.jpeg","2048x2048-width":1120,"2048x2048-height":1680,"wide":"https:\/\/acm.mc\/wp-content\/uploads\/2026\/03\/ACM-062-1120x1200.jpeg","wide-width":1120,"wide-height":1200,"fastaccess":"https:\/\/acm.mc\/wp-content\/uploads\/2026\/03\/ACM-062-416x180.jpeg","fastaccess-width":416,"fastaccess-height":180}},{"ID":10618122,"id":10618122,"title":"ACM-089","filename":"ACM-089.jpeg","filesize":428110,"url":"https:\/\/acm.mc\/wp-content\/uploads\/2026\/03\/ACM-089.jpeg","link":"https:\/\/acm.mc\/en\/automobile-club\/corps-of-marshals\/photos\/acm-089-2\/","alt":"","author":"1","description":"","caption":"","name":"acm-089-2","status":"inherit","uploaded_to":10590149,"date":"2026-03-23 08:50:06","modified":"2026-03-23 08:50:06","menu_order":0,"mime_type":"image\/jpeg","type":"image","subtype":"jpeg","icon":"https:\/\/acm.mc\/wp-includes\/images\/media\/default.png","width":1120,"height":1680,"sizes":{"thumbnail":"https:\/\/acm.mc\/wp-content\/uploads\/2026\/03\/ACM-089-150x150.jpeg","thumbnail-width":150,"thumbnail-height":150,"medium":"https:\/\/acm.mc\/wp-content\/uploads\/2026\/03\/ACM-089-200x300.jpeg","medium-width":200,"medium-height":300,"medium_large":"https:\/\/acm.mc\/wp-content\/uploads\/2026\/03\/ACM-089-768x1152.jpeg","medium_large-width":768,"medium_large-height":1152,"large":"https:\/\/acm.mc\/wp-content\/uploads\/2026\/03\/ACM-089-683x1024.jpeg","large-width":683,"large-height":1024,"1536x1536":"https:\/\/acm.mc\/wp-content\/uploads\/2026\/03\/ACM-089-1024x1536.jpeg","1536x1536-width":1024,"1536x1536-height":1536,"2048x2048":"https:\/\/acm.mc\/wp-content\/uploads\/2026\/03\/ACM-089.jpeg","2048x2048-width":1120,"2048x2048-height":1680,"wide":"https:\/\/acm.mc\/wp-content\/uploads\/2026\/03\/ACM-089-1120x1200.jpeg","wide-width":1120,"wide-height":1200,"fastaccess":"https:\/\/acm.mc\/wp-content\/uploads\/2026\/03\/ACM-089-416x180.jpeg","fastaccess-width":416,"fastaccess-height":180}},{"ID":10618124,"id":10618124,"title":"ACM-096","filename":"ACM-096.jpeg","filesize":630462,"url":"https:\/\/acm.mc\/wp-content\/uploads\/2026\/03\/ACM-096.jpeg","link":"https:\/\/acm.mc\/en\/automobile-club\/corps-of-marshals\/photos\/acm-096-2\/","alt":"","author":"1","description":"","caption":"","name":"acm-096-2","status":"inherit","uploaded_to":10590149,"date":"2026-03-23 08:50:09","modified":"2026-03-23 08:50:09","menu_order":0,"mime_type":"image\/jpeg","type":"image","subtype":"jpeg","icon":"https:\/\/acm.mc\/wp-includes\/images\/media\/default.png","width":1120,"height":1680,"sizes":{"thumbnail":"https:\/\/acm.mc\/wp-content\/uploads\/2026\/03\/ACM-096-150x150.jpeg","thumbnail-width":150,"thumbnail-height":150,"medium":"https:\/\/acm.mc\/wp-content\/uploads\/2026\/03\/ACM-096-200x300.jpeg","medium-width":200,"medium-height":300,"medium_large":"https:\/\/acm.mc\/wp-content\/uploads\/2026\/03\/ACM-096-768x1152.jpeg","medium_large-width":768,"medium_large-height":1152,"large":"https:\/\/acm.mc\/wp-content\/uploads\/2026\/03\/ACM-096-683x1024.jpeg","large-width":683,"large-height":1024,"1536x1536":"https:\/\/acm.mc\/wp-content\/uploads\/2026\/03\/ACM-096-1024x1536.jpeg","1536x1536-width":1024,"1536x1536-height":1536,"2048x2048":"https:\/\/acm.mc\/wp-content\/uploads\/2026\/03\/ACM-096.jpeg","2048x2048-width":1120,"2048x2048-height":1680,"wide":"https:\/\/acm.mc\/wp-content\/uploads\/2026\/03\/ACM-096-1120x1200.jpeg","wide-width":1120,"wide-height":1200,"fastaccess":"https:\/\/acm.mc\/wp-content\/uploads\/2026\/03\/ACM-096-416x180.jpeg","fastaccess-width":416,"fastaccess-height":180}},{"ID":10618126,"id":10618126,"title":"ACM-098","filename":"ACM-098.jpeg","filesize":341516,"url":"https:\/\/acm.mc\/wp-content\/uploads\/2026\/03\/ACM-098.jpeg","link":"https:\/\/acm.mc\/en\/automobile-club\/corps-of-marshals\/photos\/acm-098-2\/","alt":"","author":"1","description":"","caption":"","name":"acm-098-2","status":"inherit","uploaded_to":10590149,"date":"2026-03-23 08:50:11","modified":"2026-03-23 08:50:11","menu_order":0,"mime_type":"image\/jpeg","type":"image","subtype":"jpeg","icon":"https:\/\/acm.mc\/wp-includes\/images\/media\/default.png","width":1120,"height":1680,"sizes":{"thumbnail":"https:\/\/acm.mc\/wp-content\/uploads\/2026\/03\/ACM-098-150x150.jpeg","thumbnail-width":150,"thumbnail-height":150,"medium":"https:\/\/acm.mc\/wp-content\/uploads\/2026\/03\/ACM-098-200x300.jpeg","medium-width":200,"medium-height":300,"medium_large":"https:\/\/acm.mc\/wp-content\/uploads\/2026\/03\/ACM-098-768x1152.jpeg","medium_large-width":768,"medium_large-height":1152,"large":"https:\/\/acm.mc\/wp-content\/uploads\/2026\/03\/ACM-098-683x1024.jpeg","large-width":683,"large-height":1024,"1536x1536":"https:\/\/acm.mc\/wp-content\/uploads\/2026\/03\/ACM-098-1024x1536.jpeg","1536x1536-width":1024,"1536x1536-height":1536,"2048x2048":"https:\/\/acm.mc\/wp-content\/uploads\/2026\/03\/ACM-098.jpeg","2048x2048-width":1120,"2048x2048-height":1680,"wide":"https:\/\/acm.mc\/wp-content\/uploads\/2026\/03\/ACM-098-1120x1200.jpeg","wide-width":1120,"wide-height":1200,"fastaccess":"https:\/\/acm.mc\/wp-content\/uploads\/2026\/03\/ACM-098-416x180.jpeg","fastaccess-width":416,"fastaccess-height":180}},{"ID":10618128,"id":10618128,"title":"ACM-150","filename":"ACM-150.jpeg","filesize":741048,"url":"https:\/\/acm.mc\/wp-content\/uploads\/2026\/03\/ACM-150.jpeg","link":"https:\/\/acm.mc\/en\/automobile-club\/corps-of-marshals\/photos\/acm-150-2\/","alt":"","author":"1","description":"","caption":"","name":"acm-150-2","status":"inherit","uploaded_to":10590149,"date":"2026-03-23 08:50:14","modified":"2026-03-23 13:04:42","menu_order":0,"mime_type":"image\/jpeg","type":"image","subtype":"jpeg","icon":"https:\/\/acm.mc\/wp-includes\/images\/media\/default.png","width":1680,"height":1120,"sizes":{"thumbnail":"https:\/\/acm.mc\/wp-content\/uploads\/2026\/03\/ACM-150-150x150.jpeg","thumbnail-width":150,"thumbnail-height":150,"medium":"https:\/\/acm.mc\/wp-content\/uploads\/2026\/03\/ACM-150-300x200.jpeg","medium-width":300,"medium-height":200,"medium_large":"https:\/\/acm.mc\/wp-content\/uploads\/2026\/03\/ACM-150-768x512.jpeg","medium_large-width":768,"medium_large-height":512,"large":"https:\/\/acm.mc\/wp-content\/uploads\/2026\/03\/ACM-150-1024x683.jpeg","large-width":1024,"large-height":683,"1536x1536":"https:\/\/acm.mc\/wp-content\/uploads\/2026\/03\/ACM-150-1536x1024.jpeg","1536x1536-width":1536,"1536x1536-height":1024,"2048x2048":"https:\/\/acm.mc\/wp-content\/uploads\/2026\/03\/ACM-150.jpeg","2048x2048-width":1680,"2048x2048-height":1120,"wide":"https:\/\/acm.mc\/wp-content\/uploads\/2026\/03\/ACM-150.jpeg","wide-width":1680,"wide-height":1120,"fastaccess":"https:\/\/acm.mc\/wp-content\/uploads\/2026\/03\/ACM-150-416x180.jpeg","fastaccess-width":416,"fastaccess-height":180}}],"copyright_general":"ACM S.PAYET-SALVETTI \/ D.MATCHAVARIANI"}]}]},"yoast_head":"<!-- This site is optimized with the Yoast SEO plugin v27.4 - https:\/\/yoast.com\/product\/yoast-seo-wordpress\/ -->\n<title>Photos - Automobile Club de Monaco<\/title>\n<meta name=\"robots\" content=\"index, follow, max-snippet:-1, max-image-preview:large, max-video-preview:-1\" \/>\n<link rel=\"canonical\" href=\"https:\/\/acm.mc\/en\/automobile-club\/corps-of-marshals\/photos\/\" \/>\n<meta property=\"og:locale\" content=\"en_US\" \/>\n<meta property=\"og:type\" content=\"article\" \/>\n<meta property=\"og:title\" content=\"Photos - Automobile Club de Monaco\" \/>\n<meta property=\"og:url\" content=\"https:\/\/acm.mc\/en\/automobile-club\/corps-of-marshals\/photos\/\" \/>\n<meta property=\"og:site_name\" content=\"Automobile Club de Monaco\" \/>\n<meta property=\"article:publisher\" content=\"https:\/\/www.facebook.com\/automobileclubmonacoMC\" \/>\n<meta property=\"article:modified_time\" content=\"2026-03-23T08:55:06+00:00\" \/>\n<meta property=\"og:image\" content=\"https:\/\/acm.mc\/wp-content\/uploads\/2023\/02\/221029-MAN-E-RALLYE-ARRIVEE-TERRASSE-CASINO-5.jpg\" \/>\n\t<meta property=\"og:image:width\" content=\"1080\" \/>\n\t<meta property=\"og:image:height\" content=\"720\" \/>\n\t<meta property=\"og:image:type\" content=\"image\/jpeg\" \/>\n<meta name=\"twitter:card\" content=\"summary_large_image\" \/>\n<meta name=\"twitter:site\" content=\"@ACM_Media\" \/>\n<meta name=\"twitter:label1\" content=\"Est. reading time\" \/>\n\t<meta name=\"twitter:data1\" content=\"1 minute\" \/>\n<script type=\"application\/ld+json\" class=\"yoast-schema-graph\">{\"@context\":\"https:\\\/\\\/schema.org\",\"@graph\":[{\"@type\":\"WebPage\",\"@id\":\"https:\\\/\\\/acm.mc\\\/en\\\/automobile-club\\\/corps-of-marshals\\\/photos\\\/\",\"url\":\"https:\\\/\\\/acm.mc\\\/en\\\/automobile-club\\\/corps-of-marshals\\\/photos\\\/\",\"name\":\"Photos - Automobile Club de Monaco\",\"isPartOf\":{\"@id\":\"https:\\\/\\\/acm.mc\\\/en\\\/#website\"},\"primaryImageOfPage\":{\"@id\":\"https:\\\/\\\/acm.mc\\\/en\\\/automobile-club\\\/corps-of-marshals\\\/photos\\\/#primaryimage\"},\"image\":{\"@id\":\"https:\\\/\\\/acm.mc\\\/en\\\/automobile-club\\\/corps-of-marshals\\\/photos\\\/#primaryimage\"},\"thumbnailUrl\":\"https:\\\/\\\/acm.mc\\\/wp-content\\\/uploads\\\/2023\\\/02\\\/221029-MAN-E-RALLYE-ARRIVEE-TERRASSE-CASINO-5.jpg\",\"datePublished\":\"2023-02-28T18:33:50+00:00\",\"dateModified\":\"2026-03-23T08:55:06+00:00\",\"breadcrumb\":{\"@id\":\"https:\\\/\\\/acm.mc\\\/en\\\/automobile-club\\\/corps-of-marshals\\\/photos\\\/#breadcrumb\"},\"inLanguage\":\"en-US\",\"potentialAction\":[{\"@type\":\"ReadAction\",\"target\":[\"https:\\\/\\\/acm.mc\\\/en\\\/automobile-club\\\/corps-of-marshals\\\/photos\\\/\"]}]},{\"@type\":\"ImageObject\",\"inLanguage\":\"en-US\",\"@id\":\"https:\\\/\\\/acm.mc\\\/en\\\/automobile-club\\\/corps-of-marshals\\\/photos\\\/#primaryimage\",\"url\":\"https:\\\/\\\/acm.mc\\\/wp-content\\\/uploads\\\/2023\\\/02\\\/221029-MAN-E-RALLYE-ARRIVEE-TERRASSE-CASINO-5.jpg\",\"contentUrl\":\"https:\\\/\\\/acm.mc\\\/wp-content\\\/uploads\\\/2023\\\/02\\\/221029-MAN-E-RALLYE-ARRIVEE-TERRASSE-CASINO-5.jpg\",\"width\":1080,\"height\":720},{\"@type\":\"BreadcrumbList\",\"@id\":\"https:\\\/\\\/acm.mc\\\/en\\\/automobile-club\\\/corps-of-marshals\\\/photos\\\/#breadcrumb\",\"itemListElement\":[{\"@type\":\"ListItem\",\"position\":1,\"name\":\"Home\",\"item\":\"https:\\\/\\\/acm.mc\\\/en\\\/homepage-2\\\/\"},{\"@type\":\"ListItem\",\"position\":2,\"name\":\"Automobile Club de Monaco\",\"item\":\"https:\\\/\\\/acm.mc\\\/en\\\/automobile-club\\\/\"},{\"@type\":\"ListItem\",\"position\":3,\"name\":\"Corps of Marshals\",\"item\":\"https:\\\/\\\/acm.mc\\\/en\\\/automobile-club\\\/corps-of-marshals\\\/\"},{\"@type\":\"ListItem\",\"position\":4,\"name\":\"Photos\"}]},{\"@type\":\"WebSite\",\"@id\":\"https:\\\/\\\/acm.mc\\\/en\\\/#website\",\"url\":\"https:\\\/\\\/acm.mc\\\/en\\\/\",\"name\":\"Automobile Club de Monaco\",\"description\":\"Un site utilisant WordPress\",\"potentialAction\":[{\"@type\":\"SearchAction\",\"target\":{\"@type\":\"EntryPoint\",\"urlTemplate\":\"https:\\\/\\\/acm.mc\\\/en\\\/?s={search_term_string}\"},\"query-input\":{\"@type\":\"PropertyValueSpecification\",\"valueRequired\":true,\"valueName\":\"search_term_string\"}}],\"inLanguage\":\"en-US\"}]}<\/script>\n<!-- \/ Yoast SEO plugin. -->","yoast_head_json":{"title":"Photos - Automobile Club de Monaco","robots":{"index":"index","follow":"follow","max-snippet":"max-snippet:-1","max-image-preview":"max-image-preview:large","max-video-preview":"max-video-preview:-1"},"canonical":"https:\/\/acm.mc\/en\/automobile-club\/corps-of-marshals\/photos\/","og_locale":"en_US","og_type":"article","og_title":"Photos - Automobile Club de Monaco","og_url":"https:\/\/acm.mc\/en\/automobile-club\/corps-of-marshals\/photos\/","og_site_name":"Automobile Club de Monaco","article_publisher":"https:\/\/www.facebook.com\/automobileclubmonacoMC","article_modified_time":"2026-03-23T08:55:06+00:00","og_image":[{"width":1080,"height":720,"url":"https:\/\/acm.mc\/wp-content\/uploads\/2023\/02\/221029-MAN-E-RALLYE-ARRIVEE-TERRASSE-CASINO-5.jpg","type":"image\/jpeg"}],"twitter_card":"summary_large_image","twitter_site":"@ACM_Media","twitter_misc":{"Est. reading time":"1 minute"},"schema":{"@context":"https:\/\/schema.org","@graph":[{"@type":"WebPage","@id":"https:\/\/acm.mc\/en\/automobile-club\/corps-of-marshals\/photos\/","url":"https:\/\/acm.mc\/en\/automobile-club\/corps-of-marshals\/photos\/","name":"Photos - Automobile Club de Monaco","isPartOf":{"@id":"https:\/\/acm.mc\/en\/#website"},"primaryImageOfPage":{"@id":"https:\/\/acm.mc\/en\/automobile-club\/corps-of-marshals\/photos\/#primaryimage"},"image":{"@id":"https:\/\/acm.mc\/en\/automobile-club\/corps-of-marshals\/photos\/#primaryimage"},"thumbnailUrl":"https:\/\/acm.mc\/wp-content\/uploads\/2023\/02\/221029-MAN-E-RALLYE-ARRIVEE-TERRASSE-CASINO-5.jpg","datePublished":"2023-02-28T18:33:50+00:00","dateModified":"2026-03-23T08:55:06+00:00","breadcrumb":{"@id":"https:\/\/acm.mc\/en\/automobile-club\/corps-of-marshals\/photos\/#breadcrumb"},"inLanguage":"en-US","potentialAction":[{"@type":"ReadAction","target":["https:\/\/acm.mc\/en\/automobile-club\/corps-of-marshals\/photos\/"]}]},{"@type":"ImageObject","inLanguage":"en-US","@id":"https:\/\/acm.mc\/en\/automobile-club\/corps-of-marshals\/photos\/#primaryimage","url":"https:\/\/acm.mc\/wp-content\/uploads\/2023\/02\/221029-MAN-E-RALLYE-ARRIVEE-TERRASSE-CASINO-5.jpg","contentUrl":"https:\/\/acm.mc\/wp-content\/uploads\/2023\/02\/221029-MAN-E-RALLYE-ARRIVEE-TERRASSE-CASINO-5.jpg","width":1080,"height":720},{"@type":"BreadcrumbList","@id":"https:\/\/acm.mc\/en\/automobile-club\/corps-of-marshals\/photos\/#breadcrumb","itemListElement":[{"@type":"ListItem","position":1,"name":"Home","item":"https:\/\/acm.mc\/en\/homepage-2\/"},{"@type":"ListItem","position":2,"name":"Automobile Club de Monaco","item":"https:\/\/acm.mc\/en\/automobile-club\/"},{"@type":"ListItem","position":3,"name":"Corps of Marshals","item":"https:\/\/acm.mc\/en\/automobile-club\/corps-of-marshals\/"},{"@type":"ListItem","position":4,"name":"Photos"}]},{"@type":"WebSite","@id":"https:\/\/acm.mc\/en\/#website","url":"https:\/\/acm.mc\/en\/","name":"Automobile Club de Monaco","description":"Un site utilisant WordPress","potentialAction":[{"@type":"SearchAction","target":{"@type":"EntryPoint","urlTemplate":"https:\/\/acm.mc\/en\/?s={search_term_string}"},"query-input":{"@type":"PropertyValueSpecification","valueRequired":true,"valueName":"search_term_string"}}],"inLanguage":"en-US"}]}},"_links":{"self":[{"href":"https:\/\/acm.mc\/en\/wp-json\/wp\/v2\/pages\/10590149","targetHints":{"allow":["GET"]}}],"collection":[{"href":"https:\/\/acm.mc\/en\/wp-json\/wp\/v2\/pages"}],"about":[{"href":"https:\/\/acm.mc\/en\/wp-json\/wp\/v2\/types\/page"}],"author":[{"embeddable":true,"href":"https:\/\/acm.mc\/en\/wp-json\/wp\/v2\/users\/2"}],"replies":[{"embeddable":true,"href":"https:\/\/acm.mc\/en\/wp-json\/wp\/v2\/comments?post=10590149"}],"version-history":[{"count":3,"href":"https:\/\/acm.mc\/en\/wp-json\/wp\/v2\/pages\/10590149\/revisions"}],"predecessor-version":[{"id":10618130,"href":"https:\/\/acm.mc\/en\/wp-json\/wp\/v2\/pages\/10590149\/revisions\/10618130"}],"up":[{"embeddable":true,"href":"https:\/\/acm.mc\/en\/wp-json\/wp\/v2\/pages\/8704"}],"wp:featuredmedia":[{"embeddable":true,"href":"https:\/\/acm.mc\/en\/wp-json\/wp\/v2\/media\/10590078"}],"wp:attachment":[{"href":"https:\/\/acm.mc\/en\/wp-json\/wp\/v2\/media?parent=10590149"}],"wp:term":[{"taxonomy":"category","embeddable":true,"href":"https:\/\/acm.mc\/en\/wp-json\/wp\/v2\/categories?post=10590149"}],"curies":[{"name":"wp","href":"https:\/\/api.w.org\/{rel}","templated":true}]}}