{"id":8665,"date":"2021-11-11T00:00:00","date_gmt":"2021-11-10T23:00:00","guid":{"rendered":"https:\/\/acm.mc\/automobile-club\/le-club\/"},"modified":"2026-02-12T09:51:06","modified_gmt":"2026-02-12T08:51:06","slug":"the-club","status":"publish","type":"page","link":"https:\/\/acm.mc\/en\/automobile-club\/the-club\/","title":{"rendered":"The Club"},"content":{"rendered":"","protected":false},"excerpt":{"rendered":"","protected":false},"author":1,"featured_media":10608678,"parent":8661,"menu_order":7,"comment_status":"closed","ping_status":"closed","template":"2025v2-tpl-club.php","meta":{"_acf_changed":false,"footnotes":""},"categories":[71],"class_list":["post-8665","page","type-page","status-publish","has-post-thumbnail","hentry","category-automobile-club-de-monaco-en-2"],"acf":{"afficher_la_page_en_grise":false,"boites_dacces_rapide":[{"fast_access_child_club":"8683"},{"fast_access_child_club":"8668"},{"fast_access_child_club":"10585401"},{"fast_access_child_club":"8679"},{"fast_access_child_club":"10607845"}],"activer_le_bloc_sous_slider":true,"intitule_du_bouton":"Consulter les formulaires","activer_la_redirection":false,"boutons_sous_slide":[{"intitule_du_bouton":"Acc\u00e8der au service","lien_du_bouton":{"title":"Membership","url":"https:\/\/acm.mc\/en\/automobile-club\/the-club\/membership\/","target":""}},{"intitule_du_bouton":"","lien_du_bouton":null}],"titre_bloc_acm":"L'Automobile Club de Monaco","liens_bloc_acm":[{"titre_du_bouton":"Discover the history of the Club","lien":{"title":"L\u2019Histoire","url":"https:\/\/acm.mc\/en\/automobile-club\/the-club\/lautomobile-club-de-monaco\/history\/","target":""}}],"titre_du_bloc":"Service Inter-Membres","contenu_bloc_acm":"La petite histoire retiendra que le club a \u00e9t\u00e9 cr\u00e9\u00e9 tr\u00e8s exactement le 26 ao\u00fbt 1890. D\u00e9nomm\u00e9 \u00ab Sport V\u00e9locip\u00e9dique de la Principaut\u00e9 (SVP) \u00bb, il est n\u00e9 de la volont\u00e9 de 21 passionn\u00e9s, amoureux de la bicyclette. Il deviendra, en l\u2019espace d\u2019une semaine le \u00ab Sport V\u00e9locip\u00e9dique Mon\u00e9gasque (SVM) \u00bb.","image_de_fond":{"ID":8395,"id":8395,"title":"1934_0247_RVB_web","filename":"1934_0247_RVB_web.jpg","filesize":0,"url":"https:\/\/acm.mc\/wp-content\/uploads\/2022\/01\/1934_0247_RVB_web.jpg","link":"https:\/\/acm.mc\/en\/automobile-club\/elegance-et-automobile-monte-carlo\/le-concept\/the-emergence-of-a-unique-tradition\/1934_0247_rvb_web-2\/","alt":"","author":"1","description":"","caption":"","name":"1934_0247_rvb_web-2","status":"inherit","uploaded_to":8700,"date":"2022-01-20 11:00:34","modified":"2023-04-11 15:04:09","menu_order":0,"mime_type":"image\/jpeg","type":"image","subtype":"jpeg","icon":"https:\/\/acm.mc\/wp-includes\/images\/media\/default.png","width":1024,"height":740,"sizes":{"thumbnail":"https:\/\/acm.mc\/wp-content\/uploads\/2022\/01\/1934_0247_RVB_web-150x150.jpg","thumbnail-width":150,"thumbnail-height":150,"medium":"https:\/\/acm.mc\/wp-content\/uploads\/2022\/01\/1934_0247_RVB_web-300x217.jpg","medium-width":300,"medium-height":217,"medium_large":"https:\/\/acm.mc\/wp-content\/uploads\/2022\/01\/1934_0247_RVB_web-768x555.jpg","medium_large-width":768,"medium_large-height":555,"large":"https:\/\/acm.mc\/wp-content\/uploads\/2022\/01\/1934_0247_RVB_web.jpg","large-width":1024,"large-height":740,"1536x1536":"https:\/\/acm.mc\/wp-content\/uploads\/2022\/01\/1934_0247_RVB_web.jpg","1536x1536-width":1024,"1536x1536-height":740,"2048x2048":"https:\/\/acm.mc\/wp-content\/uploads\/2022\/01\/1934_0247_RVB_web.jpg","2048x2048-width":1024,"2048x2048-height":740,"wide":"https:\/\/acm.mc\/wp-content\/uploads\/2022\/01\/1934_0247_RVB_web.jpg","wide-width":1024,"wide-height":740,"fastaccess":"https:\/\/acm.mc\/wp-content\/uploads\/2022\/01\/1934_0247_RVB_web.jpg","fastaccess-width":249,"fastaccess-height":180}},"logo_de_lentete":{"ID":7624,"id":7624,"title":"logo-acm-web-white","filename":"logo-acm-web-white.png","filesize":0,"url":"https:\/\/acm.mc\/wp-content\/uploads\/2022\/01\/logo-acm-web-white.png","link":"https:\/\/acm.mc\/en\/automobile-club\/the-club\/logo-acm-web-white-2\/","alt":"","author":"1","description":"","caption":"","name":"logo-acm-web-white-2","status":"inherit","uploaded_to":8665,"date":"2022-01-05 13:37:59","modified":"2022-01-05 13:37:59","menu_order":0,"mime_type":"image\/png","type":"image","subtype":"png","icon":"https:\/\/acm.mc\/wp-includes\/images\/media\/default.png","width":1180,"height":1563,"sizes":{"thumbnail":"https:\/\/acm.mc\/wp-content\/uploads\/2022\/01\/logo-acm-web-white-150x150.png","thumbnail-width":150,"thumbnail-height":150,"medium":"https:\/\/acm.mc\/wp-content\/uploads\/2022\/01\/logo-acm-web-white-226x300.png","medium-width":226,"medium-height":300,"medium_large":"https:\/\/acm.mc\/wp-content\/uploads\/2022\/01\/logo-acm-web-white-768x1017.png","medium_large-width":768,"medium_large-height":1017,"large":"https:\/\/acm.mc\/wp-content\/uploads\/2022\/01\/logo-acm-web-white-773x1024.png","large-width":773,"large-height":1024,"1536x1536":"https:\/\/acm.mc\/wp-content\/uploads\/2022\/01\/logo-acm-web-white-1160x1536.png","1536x1536-width":1160,"1536x1536-height":1536,"2048x2048":"https:\/\/acm.mc\/wp-content\/uploads\/2022\/01\/logo-acm-web-white.png","2048x2048-width":1180,"2048x2048-height":1563,"wide":"https:\/\/acm.mc\/wp-content\/uploads\/2022\/01\/logo-acm-web-white-1180x1200.png","wide-width":1180,"wide-height":1200,"fastaccess":"https:\/\/acm.mc\/wp-content\/uploads\/2022\/01\/logo-acm-web-white.png","fastaccess-width":136,"fastaccess-height":180}},"image_de_fond_de_lentete":{"ID":7749,"id":7749,"title":"ACM-Entree-Ext-Nuit-ACM-lg-1024x468","filename":"ACM-Entree-Ext-Nuit-ACM-lg-1024x468-1.jpg","filesize":0,"url":"https:\/\/acm.mc\/wp-content\/uploads\/2022\/01\/ACM-Entree-Ext-Nuit-ACM-lg-1024x468-1.jpg","link":"https:\/\/acm.mc\/en\/automobile-club\/the-club\/acm-entree-ext-nuit-acm-lg-1024x468-2\/","alt":"","author":"1","description":"","caption":"","name":"acm-entree-ext-nuit-acm-lg-1024x468-2","status":"inherit","uploaded_to":8665,"date":"2022-01-06 10:36:48","modified":"2022-01-06 10:36:48","menu_order":0,"mime_type":"image\/jpeg","type":"image","subtype":"jpeg","icon":"https:\/\/acm.mc\/wp-includes\/images\/media\/default.png","width":1024,"height":468,"sizes":{"thumbnail":"https:\/\/acm.mc\/wp-content\/uploads\/2022\/01\/ACM-Entree-Ext-Nuit-ACM-lg-1024x468-1-150x150.jpg","thumbnail-width":150,"thumbnail-height":150,"medium":"https:\/\/acm.mc\/wp-content\/uploads\/2022\/01\/ACM-Entree-Ext-Nuit-ACM-lg-1024x468-1-300x137.jpg","medium-width":300,"medium-height":137,"medium_large":"https:\/\/acm.mc\/wp-content\/uploads\/2022\/01\/ACM-Entree-Ext-Nuit-ACM-lg-1024x468-1-768x351.jpg","medium_large-width":768,"medium_large-height":351,"large":"https:\/\/acm.mc\/wp-content\/uploads\/2022\/01\/ACM-Entree-Ext-Nuit-ACM-lg-1024x468-1.jpg","large-width":1024,"large-height":468,"1536x1536":"https:\/\/acm.mc\/wp-content\/uploads\/2022\/01\/ACM-Entree-Ext-Nuit-ACM-lg-1024x468-1.jpg","1536x1536-width":1024,"1536x1536-height":468,"2048x2048":"https:\/\/acm.mc\/wp-content\/uploads\/2022\/01\/ACM-Entree-Ext-Nuit-ACM-lg-1024x468-1.jpg","2048x2048-width":1024,"2048x2048-height":468,"wide":"https:\/\/acm.mc\/wp-content\/uploads\/2022\/01\/ACM-Entree-Ext-Nuit-ACM-lg-1024x468-1.jpg","wide-width":1024,"wide-height":468,"fastaccess":"https:\/\/acm.mc\/wp-content\/uploads\/2022\/01\/ACM-Entree-Ext-Nuit-ACM-lg-1024x468-1.jpg","fastaccess-width":394,"fastaccess-height":180}},"galerie_photo":false,"lien_visite":"","medias":{"type_media":"image","image":{"ID":10608678,"id":10608678,"title":"banniere-page-club-2025","filename":"banniere-page-club-2025.jpg","filesize":1073257,"url":"https:\/\/acm.mc\/wp-content\/uploads\/2025\/10\/banniere-page-club-2025.jpg","link":"https:\/\/acm.mc\/en\/automobile-club\/the-club\/banniere-page-club-2025-2\/","alt":"","author":"1","description":"","caption":"","name":"banniere-page-club-2025-2","status":"inherit","uploaded_to":8665,"date":"2025-10-30 13:02:57","modified":"2025-10-30 13:02:57","menu_order":0,"mime_type":"image\/jpeg","type":"image","subtype":"jpeg","icon":"https:\/\/acm.mc\/wp-includes\/images\/media\/default.png","width":1920,"height":680,"sizes":{"thumbnail":"https:\/\/acm.mc\/wp-content\/uploads\/2025\/10\/banniere-page-club-2025-150x150.jpg","thumbnail-width":150,"thumbnail-height":150,"medium":"https:\/\/acm.mc\/wp-content\/uploads\/2025\/10\/banniere-page-club-2025-300x106.jpg","medium-width":300,"medium-height":106,"medium_large":"https:\/\/acm.mc\/wp-content\/uploads\/2025\/10\/banniere-page-club-2025-768x272.jpg","medium_large-width":768,"medium_large-height":272,"large":"https:\/\/acm.mc\/wp-content\/uploads\/2025\/10\/banniere-page-club-2025-1024x363.jpg","large-width":1024,"large-height":363,"1536x1536":"https:\/\/acm.mc\/wp-content\/uploads\/2025\/10\/banniere-page-club-2025-1536x544.jpg","1536x1536-width":1536,"1536x1536-height":544,"2048x2048":"https:\/\/acm.mc\/wp-content\/uploads\/2025\/10\/banniere-page-club-2025.jpg","2048x2048-width":1920,"2048x2048-height":680,"wide":"https:\/\/acm.mc\/wp-content\/uploads\/2025\/10\/banniere-page-club-2025.jpg","wide-width":1920,"wide-height":680,"fastaccess":"https:\/\/acm.mc\/wp-content\/uploads\/2025\/10\/banniere-page-club-2025-416x180.jpg","fastaccess-width":416,"fastaccess-height":180}},"video":"","video_yt":"","video_mp4":false,"video_webm":false},"titre_page":"The Automobile Club of Monaco","left_part":{"titre":"Legend & Prestige","abstract":"<p>The club was founded on August 26, 1890. Originally known as \u2018Sport V\u00e9locip\u00e9dique de la Principaut\u00e9 (SVP) \u2013 Principality Cycling Sporting Association \u2013 it was born out of theenthusiasm and passion of 21 cycling aficionados. Within a week, it had already been re-christened \u2018Sport V\u00e9locip\u00e9dique Mon\u00e9gasque\u00a0(SVM)\u2019 \u2013 Monaco Cycling Sporting Association.<\/p>\n","text_button":"About the History","display_pages":[{"ID":8686,"post_author":"1","post_date":"2021-10-07 00:00:00","post_date_gmt":"2021-10-06 22:00:00","post_content":"","post_title":"History","post_excerpt":"","post_status":"publish","comment_status":"closed","ping_status":"closed","post_password":"","post_name":"history","to_ping":"","pinged":"","post_modified":"2024-10-31 10:04:06","post_modified_gmt":"2024-10-31 09:04:06","post_content_filtered":"","post_parent":8683,"guid":"https:\/\/acm.mc\/automobile-club\/le-club\/lautomobile-club-de-monaco\/histoire\/","menu_order":14,"post_type":"page","post_mime_type":"","comment_count":"0","filter":"raw"},{"ID":8687,"post_author":"1","post_date":"2021-12-09 00:00:00","post_date_gmt":"2021-12-08 23:00:00","post_content":"","post_title":"Presidents","post_excerpt":"","post_status":"publish","comment_status":"open","ping_status":"open","post_password":"","post_name":"presidents","to_ping":"","pinged":"","post_modified":"2022-03-08 15:41:59","post_modified_gmt":"2022-03-08 14:41:59","post_content_filtered":"","post_parent":8683,"guid":"https:\/\/acm.mc\/automobile-club\/le-club\/lautomobile-club-de-monaco\/les-presidents\/","menu_order":16,"post_type":"page","post_mime_type":"","comment_count":"0","filter":"raw"},{"ID":8690,"post_author":"1","post_date":"2021-12-09 00:00:00","post_date_gmt":"2021-12-08 23:00:00","post_content":"","post_title":"Governance","post_excerpt":"","post_status":"publish","comment_status":"closed","ping_status":"closed","post_password":"","post_name":"governance","to_ping":"","pinged":"","post_modified":"2026-03-11 11:02:50","post_modified_gmt":"2026-03-11 10:02:50","post_content_filtered":"","post_parent":8683,"guid":"https:\/\/acm.mc\/automobile-club\/le-club\/lautomobile-club-de-monaco\/la-gouvernance\/","menu_order":16,"post_type":"page","post_mime_type":"","comment_count":"0","filter":"raw"},{"ID":8681,"post_author":"1","post_date":"2021-12-10 00:00:00","post_date_gmt":"2021-12-09 23:00:00","post_content":"","post_title":"Official Magazine","post_excerpt":"","post_status":"publish","comment_status":"closed","ping_status":"closed","post_password":"","post_name":"official-magazine","to_ping":"","pinged":"","post_modified":"2025-11-14 15:05:27","post_modified_gmt":"2025-11-14 14:05:27","post_content_filtered":"","post_parent":8683,"guid":"https:\/\/acm.mc\/automobile-club\/le-club\/magazine-officiel\/","menu_order":18,"post_type":"page","post_mime_type":"","comment_count":"0","filter":"raw"},{"ID":10608832,"post_author":"1","post_date":"2025-11-11 11:32:33","post_date_gmt":"2025-11-11 10:32:33","post_content":"","post_title":"Competition Licence Holders Area","post_excerpt":"","post_status":"publish","comment_status":"closed","ping_status":"closed","post_password":"","post_name":"competition-licence-holders-area","to_ping":"","pinged":"","post_modified":"2026-02-12 09:51:35","post_modified_gmt":"2026-02-12 08:51:35","post_content_filtered":"","post_parent":8665,"guid":"https:\/\/acm.mc\/?page_id=10608832","menu_order":50,"post_type":"page","post_mime_type":"","comment_count":"0","filter":"raw"},{"ID":10606507,"post_author":"1","post_date":"2025-05-12 12:01:43","post_date_gmt":"2025-05-12 10:01:43","post_content":"","post_title":"Press area","post_excerpt":"","post_status":"publish","comment_status":"closed","ping_status":"closed","post_password":"","post_name":"landing-press-2025","to_ping":"","pinged":"","post_modified":"2025-05-19 10:34:05","post_modified_gmt":"2025-05-19 08:34:05","post_content_filtered":"","post_parent":8683,"guid":"https:\/\/acm.mc\/landing-presse-2025\/","menu_order":27,"post_type":"page","post_mime_type":"","comment_count":"0","filter":"raw"},{"ID":8688,"post_author":"1","post_date":"2021-12-09 00:00:00","post_date_gmt":"2021-12-08 23:00:00","post_content":"","post_title":"News","post_excerpt":"","post_status":"publish","comment_status":"closed","ping_status":"closed","post_password":"","post_name":"news","to_ping":"","pinged":"","post_modified":"2022-03-07 17:30:35","post_modified_gmt":"2022-03-07 16:30:35","post_content_filtered":"","post_parent":8683,"guid":"https:\/\/acm.mc\/automobile-club\/le-club\/lautomobile-club-de-monaco\/actualites\/","menu_order":17,"post_type":"page","post_mime_type":"","comment_count":"0","filter":"raw"},{"ID":10606508,"post_author":"1","post_date":"2025-05-08 14:10:32","post_date_gmt":"2025-05-08 12:10:32","post_content":"","post_title":"Honours","post_excerpt":"","post_status":"publish","comment_status":"closed","ping_status":"closed","post_password":"","post_name":"honours","to_ping":"","pinged":"","post_modified":"2026-02-12 09:50:40","post_modified_gmt":"2026-02-12 08:50:40","post_content_filtered":"","post_parent":8683,"guid":"https:\/\/acm.mc\/palmares-2025\/","menu_order":26,"post_type":"page","post_mime_type":"","comment_count":"0","filter":"raw"},{"ID":8685,"post_author":"1","post_date":"2021-12-13 00:00:00","post_date_gmt":"2021-12-12 23:00:00","post_content":"","post_title":"Virtual Tour","post_excerpt":"","post_status":"publish","comment_status":"closed","ping_status":"closed","post_password":"","post_name":"virtual-tour","to_ping":"","pinged":"","post_modified":"2022-03-08 15:41:10","post_modified_gmt":"2022-03-08 14:41:10","post_content_filtered":"","post_parent":8683,"guid":"https:\/\/acm.mc\/automobile-club\/le-club\/lautomobile-club-de-monaco\/visite-virtuelle\/","menu_order":19,"post_type":"page","post_mime_type":"","comment_count":"0","filter":"raw"}]},"right_part":{"widget":"espace-membres","acces_rapides":[{"ID":10606506,"post_author":"1","post_date":"2025-05-12 15:12:57","post_date_gmt":"2025-05-12 13:12:57","post_content":"","post_title":"Official Posters","post_excerpt":"","post_status":"publish","comment_status":"closed","ping_status":"closed","post_password":"","post_name":"official-posters-2025","to_ping":"","pinged":"","post_modified":"2025-05-19 10:33:25","post_modified_gmt":"2025-05-19 08:33:25","post_content_filtered":"","post_parent":8683,"guid":"https:\/\/acm.mc\/affiches-2025\/","menu_order":25,"post_type":"page","post_mime_type":"","comment_count":"0","filter":"raw"},{"ID":10608799,"post_author":"1","post_date":"2025-11-06 17:03:11","post_date_gmt":"2025-11-06 16:03:11","post_content":"","post_title":"Discover Vrooom","post_excerpt":"","post_status":"publish","comment_status":"closed","ping_status":"closed","post_password":"","post_name":"discover-vrooom","to_ping":"","pinged":"","post_modified":"2025-11-06 17:11:38","post_modified_gmt":"2025-11-06 16:11:38","post_content_filtered":"","post_parent":8665,"guid":"https:\/\/acm.mc\/automobile-club\/the-club\/decouvrez-vrooom\/","menu_order":90,"post_type":"page","post_mime_type":"","comment_count":"0","filter":"raw"}]},"widgets_bottom_page":{"widget_1":"billetterie","widget_2":"boutique","widget_3":"green"},"icone_quick_link":"","lien_du_bouton":{"title":"Timetable","url":"https:\/\/acm.mc\/en\/edition\/90e-rallye-automobile-monte%e2%80%91carlo\/event\/timetable\/","target":""},"logo_page":{"ID":7624,"id":7624,"title":"logo-acm-web-white","filename":"logo-acm-web-white.png","filesize":0,"url":"https:\/\/acm.mc\/wp-content\/uploads\/2022\/01\/logo-acm-web-white.png","link":"https:\/\/acm.mc\/en\/automobile-club\/the-club\/logo-acm-web-white-2\/","alt":"","author":"1","description":"","caption":"","name":"logo-acm-web-white-2","status":"inherit","uploaded_to":8665,"date":"2022-01-05 13:37:59","modified":"2022-01-05 13:37:59","menu_order":0,"mime_type":"image\/png","type":"image","subtype":"png","icon":"https:\/\/acm.mc\/wp-includes\/images\/media\/default.png","width":1180,"height":1563,"sizes":{"thumbnail":"https:\/\/acm.mc\/wp-content\/uploads\/2022\/01\/logo-acm-web-white-150x150.png","thumbnail-width":150,"thumbnail-height":150,"medium":"https:\/\/acm.mc\/wp-content\/uploads\/2022\/01\/logo-acm-web-white-226x300.png","medium-width":226,"medium-height":300,"medium_large":"https:\/\/acm.mc\/wp-content\/uploads\/2022\/01\/logo-acm-web-white-768x1017.png","medium_large-width":768,"medium_large-height":1017,"large":"https:\/\/acm.mc\/wp-content\/uploads\/2022\/01\/logo-acm-web-white-773x1024.png","large-width":773,"large-height":1024,"1536x1536":"https:\/\/acm.mc\/wp-content\/uploads\/2022\/01\/logo-acm-web-white-1160x1536.png","1536x1536-width":1160,"1536x1536-height":1536,"2048x2048":"https:\/\/acm.mc\/wp-content\/uploads\/2022\/01\/logo-acm-web-white.png","2048x2048-width":1180,"2048x2048-height":1563,"wide":"https:\/\/acm.mc\/wp-content\/uploads\/2022\/01\/logo-acm-web-white-1180x1200.png","wide-width":1180,"wide-height":1200,"fastaccess":"https:\/\/acm.mc\/wp-content\/uploads\/2022\/01\/logo-acm-web-white.png","fastaccess-width":136,"fastaccess-height":180}}},"yoast_head":"<!-- This site is optimized with the Yoast SEO plugin v27.3 - https:\/\/yoast.com\/product\/yoast-seo-wordpress\/ -->\n<title>The Club - Automobile Club de Monaco<\/title>\n<meta name=\"robots\" content=\"index, follow, max-snippet:-1, max-image-preview:large, max-video-preview:-1\" \/>\n<link rel=\"canonical\" href=\"https:\/\/acm.mc\/en\/automobile-club\/the-club\/\" \/>\n<meta property=\"og:locale\" content=\"en_US\" \/>\n<meta property=\"og:type\" content=\"article\" \/>\n<meta property=\"og:title\" content=\"The Club - Automobile Club de Monaco\" \/>\n<meta property=\"og:url\" content=\"https:\/\/acm.mc\/en\/automobile-club\/the-club\/\" \/>\n<meta property=\"og:site_name\" content=\"Automobile Club de Monaco\" \/>\n<meta property=\"article:publisher\" content=\"https:\/\/www.facebook.com\/automobileclubmonacoMC\" \/>\n<meta property=\"article:modified_time\" content=\"2026-02-12T08:51:06+00:00\" \/>\n<meta property=\"og:image\" content=\"https:\/\/acm.mc\/wp-content\/uploads\/2025\/10\/banniere-page-club-2025.jpg\" \/>\n\t<meta property=\"og:image:width\" content=\"1920\" \/>\n\t<meta property=\"og:image:height\" content=\"680\" \/>\n\t<meta property=\"og:image:type\" content=\"image\/jpeg\" \/>\n<meta name=\"twitter:card\" content=\"summary_large_image\" \/>\n<meta name=\"twitter:site\" content=\"@ACM_Media\" \/>\n<meta name=\"twitter:label1\" content=\"Est. reading time\" \/>\n\t<meta name=\"twitter:data1\" content=\"1 minute\" \/>\n<script type=\"application\/ld+json\" class=\"yoast-schema-graph\">{\"@context\":\"https:\\\/\\\/schema.org\",\"@graph\":[{\"@type\":\"WebPage\",\"@id\":\"https:\\\/\\\/acm.mc\\\/en\\\/automobile-club\\\/the-club\\\/\",\"url\":\"https:\\\/\\\/acm.mc\\\/en\\\/automobile-club\\\/the-club\\\/\",\"name\":\"The Club - Automobile Club de Monaco\",\"isPartOf\":{\"@id\":\"https:\\\/\\\/acm.mc\\\/en\\\/#website\"},\"primaryImageOfPage\":{\"@id\":\"https:\\\/\\\/acm.mc\\\/en\\\/automobile-club\\\/the-club\\\/#primaryimage\"},\"image\":{\"@id\":\"https:\\\/\\\/acm.mc\\\/en\\\/automobile-club\\\/the-club\\\/#primaryimage\"},\"thumbnailUrl\":\"https:\\\/\\\/acm.mc\\\/wp-content\\\/uploads\\\/2025\\\/10\\\/banniere-page-club-2025.jpg\",\"datePublished\":\"2021-11-10T23:00:00+00:00\",\"dateModified\":\"2026-02-12T08:51:06+00:00\",\"breadcrumb\":{\"@id\":\"https:\\\/\\\/acm.mc\\\/en\\\/automobile-club\\\/the-club\\\/#breadcrumb\"},\"inLanguage\":\"en-US\",\"potentialAction\":[{\"@type\":\"ReadAction\",\"target\":[\"https:\\\/\\\/acm.mc\\\/en\\\/automobile-club\\\/the-club\\\/\"]}]},{\"@type\":\"ImageObject\",\"inLanguage\":\"en-US\",\"@id\":\"https:\\\/\\\/acm.mc\\\/en\\\/automobile-club\\\/the-club\\\/#primaryimage\",\"url\":\"https:\\\/\\\/acm.mc\\\/wp-content\\\/uploads\\\/2025\\\/10\\\/banniere-page-club-2025.jpg\",\"contentUrl\":\"https:\\\/\\\/acm.mc\\\/wp-content\\\/uploads\\\/2025\\\/10\\\/banniere-page-club-2025.jpg\",\"width\":1920,\"height\":680},{\"@type\":\"BreadcrumbList\",\"@id\":\"https:\\\/\\\/acm.mc\\\/en\\\/automobile-club\\\/the-club\\\/#breadcrumb\",\"itemListElement\":[{\"@type\":\"ListItem\",\"position\":1,\"name\":\"Home\",\"item\":\"https:\\\/\\\/acm.mc\\\/en\\\/homepage-2\\\/\"},{\"@type\":\"ListItem\",\"position\":2,\"name\":\"Automobile Club de Monaco\",\"item\":\"https:\\\/\\\/acm.mc\\\/en\\\/automobile-club\\\/\"},{\"@type\":\"ListItem\",\"position\":3,\"name\":\"The Club\"}]},{\"@type\":\"WebSite\",\"@id\":\"https:\\\/\\\/acm.mc\\\/en\\\/#website\",\"url\":\"https:\\\/\\\/acm.mc\\\/en\\\/\",\"name\":\"Automobile Club de Monaco\",\"description\":\"Un site utilisant WordPress\",\"potentialAction\":[{\"@type\":\"SearchAction\",\"target\":{\"@type\":\"EntryPoint\",\"urlTemplate\":\"https:\\\/\\\/acm.mc\\\/en\\\/?s={search_term_string}\"},\"query-input\":{\"@type\":\"PropertyValueSpecification\",\"valueRequired\":true,\"valueName\":\"search_term_string\"}}],\"inLanguage\":\"en-US\"}]}<\/script>\n<!-- \/ Yoast SEO plugin. -->","yoast_head_json":{"title":"The Club - Automobile Club de Monaco","robots":{"index":"index","follow":"follow","max-snippet":"max-snippet:-1","max-image-preview":"max-image-preview:large","max-video-preview":"max-video-preview:-1"},"canonical":"https:\/\/acm.mc\/en\/automobile-club\/the-club\/","og_locale":"en_US","og_type":"article","og_title":"The Club - Automobile Club de Monaco","og_url":"https:\/\/acm.mc\/en\/automobile-club\/the-club\/","og_site_name":"Automobile Club de Monaco","article_publisher":"https:\/\/www.facebook.com\/automobileclubmonacoMC","article_modified_time":"2026-02-12T08:51:06+00:00","og_image":[{"width":1920,"height":680,"url":"https:\/\/acm.mc\/wp-content\/uploads\/2025\/10\/banniere-page-club-2025.jpg","type":"image\/jpeg"}],"twitter_card":"summary_large_image","twitter_site":"@ACM_Media","twitter_misc":{"Est. reading time":"1 minute"},"schema":{"@context":"https:\/\/schema.org","@graph":[{"@type":"WebPage","@id":"https:\/\/acm.mc\/en\/automobile-club\/the-club\/","url":"https:\/\/acm.mc\/en\/automobile-club\/the-club\/","name":"The Club - Automobile Club de Monaco","isPartOf":{"@id":"https:\/\/acm.mc\/en\/#website"},"primaryImageOfPage":{"@id":"https:\/\/acm.mc\/en\/automobile-club\/the-club\/#primaryimage"},"image":{"@id":"https:\/\/acm.mc\/en\/automobile-club\/the-club\/#primaryimage"},"thumbnailUrl":"https:\/\/acm.mc\/wp-content\/uploads\/2025\/10\/banniere-page-club-2025.jpg","datePublished":"2021-11-10T23:00:00+00:00","dateModified":"2026-02-12T08:51:06+00:00","breadcrumb":{"@id":"https:\/\/acm.mc\/en\/automobile-club\/the-club\/#breadcrumb"},"inLanguage":"en-US","potentialAction":[{"@type":"ReadAction","target":["https:\/\/acm.mc\/en\/automobile-club\/the-club\/"]}]},{"@type":"ImageObject","inLanguage":"en-US","@id":"https:\/\/acm.mc\/en\/automobile-club\/the-club\/#primaryimage","url":"https:\/\/acm.mc\/wp-content\/uploads\/2025\/10\/banniere-page-club-2025.jpg","contentUrl":"https:\/\/acm.mc\/wp-content\/uploads\/2025\/10\/banniere-page-club-2025.jpg","width":1920,"height":680},{"@type":"BreadcrumbList","@id":"https:\/\/acm.mc\/en\/automobile-club\/the-club\/#breadcrumb","itemListElement":[{"@type":"ListItem","position":1,"name":"Home","item":"https:\/\/acm.mc\/en\/homepage-2\/"},{"@type":"ListItem","position":2,"name":"Automobile Club de Monaco","item":"https:\/\/acm.mc\/en\/automobile-club\/"},{"@type":"ListItem","position":3,"name":"The Club"}]},{"@type":"WebSite","@id":"https:\/\/acm.mc\/en\/#website","url":"https:\/\/acm.mc\/en\/","name":"Automobile Club de Monaco","description":"Un site utilisant WordPress","potentialAction":[{"@type":"SearchAction","target":{"@type":"EntryPoint","urlTemplate":"https:\/\/acm.mc\/en\/?s={search_term_string}"},"query-input":{"@type":"PropertyValueSpecification","valueRequired":true,"valueName":"search_term_string"}}],"inLanguage":"en-US"}]}},"_links":{"self":[{"href":"https:\/\/acm.mc\/en\/wp-json\/wp\/v2\/pages\/8665","targetHints":{"allow":["GET"]}}],"collection":[{"href":"https:\/\/acm.mc\/en\/wp-json\/wp\/v2\/pages"}],"about":[{"href":"https:\/\/acm.mc\/en\/wp-json\/wp\/v2\/types\/page"}],"author":[{"embeddable":true,"href":"https:\/\/acm.mc\/en\/wp-json\/wp\/v2\/users\/1"}],"replies":[{"embeddable":true,"href":"https:\/\/acm.mc\/en\/wp-json\/wp\/v2\/comments?post=8665"}],"version-history":[{"count":10,"href":"https:\/\/acm.mc\/en\/wp-json\/wp\/v2\/pages\/8665\/revisions"}],"predecessor-version":[{"id":10617315,"href":"https:\/\/acm.mc\/en\/wp-json\/wp\/v2\/pages\/8665\/revisions\/10617315"}],"up":[{"embeddable":true,"href":"https:\/\/acm.mc\/en\/wp-json\/wp\/v2\/pages\/8661"}],"wp:featuredmedia":[{"embeddable":true,"href":"https:\/\/acm.mc\/en\/wp-json\/wp\/v2\/media\/10608678"}],"wp:attachment":[{"href":"https:\/\/acm.mc\/en\/wp-json\/wp\/v2\/media?parent=8665"}],"wp:term":[{"taxonomy":"category","embeddable":true,"href":"https:\/\/acm.mc\/en\/wp-json\/wp\/v2\/categories?post=8665"}],"curies":[{"name":"wp","href":"https:\/\/api.w.org\/{rel}","templated":true}]}}