{"id":8671,"date":"2022-01-03T00:00:00","date_gmt":"2022-01-02T23:00:00","guid":{"rendered":"https:\/\/acm.mc\/automobile-club\/le-club\/service-inter-membres\/bonnes-adresses\/"},"modified":"2026-03-10T15:44:49","modified_gmt":"2026-03-10T14:44:49","slug":"bonnes-adresses","status":"publish","type":"page","link":"https:\/\/acm.mc\/en\/automobile-club\/the-club\/membership\/bonnes-adresses\/","title":{"rendered":"Bonnes adresses"},"content":{"rendered":"","protected":false},"excerpt":{"rendered":"","protected":false},"author":1,"featured_media":10608676,"parent":8668,"menu_order":10,"comment_status":"closed","ping_status":"closed","template":"","meta":{"_acf_changed":false,"footnotes":""},"categories":[],"class_list":["post-8671","page","type-page","status-publish","has-post-thumbnail","hentry"],"acf":{"afficher_la_page_en_grise":false,"contenu_des_pages":[{"acf_fc_layout":"bloc-contenu","contenu":"<p><strong><b>Please find below the addresses recommended by the Automobile Club de Monaco and the discounts granted to its members.<\/b><\/strong><\/p>\n<p><span class=\"texte-encadre\"><strong>10% de r\u00e9duction<\/strong><\/span><\/p>\n<h3>Columbus Hotel Monte-Carlo \/ Restaurant Tavolo<\/h3>\n<p>23, av. des Papalins &#8211; <a href=\"http:\/\/columbusmonaco.com\">columbusmonaco.com<\/a><\/p>\n<hr \/>\n<p><strong class=\"texte-encadre\">20% de r\u00e9duction<\/strong><\/p>\n<h3>Hercule D\u00e9pannage<\/h3>\n<p>D\u00e9pannage et transport toute distance<br \/>\n3, av. des Guelfes, Monaco<\/p>\n<hr \/>\n<p><strong class=\"texte-encadre\">15% de r\u00e9duction<\/strong><\/p>\n<h3>H\u00f4tel Le Roquebrune<\/h3>\n<p>100, av. Jean Jaur\u00e8s, Roquebrune Cap Martin<br \/>\n<a href=\"http:\/\/www.le-roquebrune.com\">www.le-roquebrune.com<\/a><\/p>\n<hr \/>\n<p><strong class=\"texte-encadre\">20% de r\u00e9duction<\/strong><\/p>\n<h3>Performance GT<\/h3>\n<p>Location de voitures<br \/>\n1, avenue Henri Dunant &#8211; Palais de la Scala &#8211; Monaco<br \/>\n<a href=\"http:\/\/performance-gt.com\">performance-gt.com<\/a><\/p>\n<hr \/>\n<p><strong class=\"texte-encadre\">20% de r\u00e9duction<\/strong><\/p>\n<h3>Ed Wright Images<\/h3>\n<p>Photographe<br \/>\n5, Place de la Source &#8211; Monaco<br \/>\n<a href=\"http:\/\/edwrightimages.com\">edwrightimages.com<\/a><\/p>\n<hr \/>\n<p><strong class=\"texte-encadre\">10% de r\u00e9duction<\/strong><\/p>\n<h3>Water Toys Center &#8211; Aqua Marine<\/h3>\n<p>18, rue Grimaldi &#8211; Monaco \/ Port de Plaisance &#8211; Beaulieu-sur-Mer<br \/>\n<a href=\"http:\/\/watertoyscenter.fr\">watertoyscenter.fr<\/a><\/p>\n<hr \/>\n<p><strong class=\"texte-encadre\">10% de r\u00e9duction<\/strong><\/p>\n<h3>Florilys by Gastaldi Fleurs<\/h3>\n<p>17, avenue des Sp\u00e9lugues &#8211; Centre Commercial Le M\u00e9tropole &#8211; Monaco<\/p>\n<hr \/>\n<p><strong class=\"texte-encadre\">10% de r\u00e9duction<\/strong><\/p>\n<h3>Monte-Carlo Optic<\/h3>\n<p>8, boulevard des Moulins &#8211; Monaco<br \/>\n<a href=\"http:\/\/montecarloptic.com\">montecarloptic.com<\/a><\/p>\n<hr \/>\n<p><strong class=\"texte-encadre\">10% de r\u00e9duction<\/strong><\/p>\n<h3>Narmino<\/h3>\n<p>Fleuriste &#8211; D\u00e9corateur<br \/>\n1, rue Grimaldi \/ 33, boulevard Princesse Charlotte &#8211; Monaco<br \/>\n<a href=\"http:\/\/narmino.com\">narmino.com<\/a><\/p>\n<hr \/>\n<p><strong class=\"texte-encadre\">10% de r\u00e9duction<\/strong><\/p>\n<h3>Ricriation Monte-Carlo<\/h3>\n<p>17, avenue des Sp\u00e9lugues &#8211; Galerie du M\u00e9tropole &#8211; Monaco<br \/>\n<a href=\"http:\/\/ricriation.com\">ricriation.com<\/a><\/p>\n<hr \/>\n<p><strong class=\"texte-encadre\">20% de r\u00e9duction<\/strong><\/p>\n<h3>All Drive Limousines<\/h3>\n<p><a href=\"http:\/\/alldrivelimousines.com\">alldrivelimousines.com<\/a><\/p>\n<hr \/>\n<p><strong class=\"texte-encadre\">10% de r\u00e9duction<\/strong><\/p>\n<h3>Riviera Telecom<\/h3>\n<p>Le Continental &#8211; Place des Moulins &#8211; Monaco<br \/>\n<a href=\"http:\/\/riviera-telecom.com\">riviera-telecom.com<\/a><\/p>\n<hr \/>\n<p><strong class=\"texte-encadre\">15% de r\u00e9duction<\/strong><\/p>\n<h3>PitStop Monte-Carlo<\/h3>\n<p>Station du Portier &#8211; Monaco<br \/>\n<a href=\"http:\/\/pitstop-mc.com\">pitstop-mc.com<\/a><\/p>\n<hr \/>\n<p><strong class=\"texte-encadre\">15% de r\u00e9duction<\/strong><\/p>\n<h3>Jean-Charles Pellegrino<\/h3>\n<p>Joaillier Cr\u00e9ateur<br \/>\n26, boulevard Princesse Charlotte &#8211; Monaco<\/p>\n<hr \/>\n<p><strong class=\"texte-encadre\">15% de r\u00e9duction<\/strong><\/p>\n<h3>Hugo Boss<\/h3>\n<p>17, avenue des Sp\u00e9lugues &#8211; Galerie du M\u00e9tropole &#8211; Monaco<\/p>\n<hr \/>\n<p><strong class=\"texte-encadre\">10 \u00e0 30% de r\u00e9duction<\/strong><\/p>\n<h3>F.A.M.I.<\/h3>\n<p>Fournitures de pi\u00e8ces automobiles<br \/>\n34, rue Grimaldi &#8211; Monaco<br \/>\n<a href=\"http:\/\/famisan.com\">famisan.com<\/a><\/p>\n<hr \/>\n<p><strong class=\"texte-encadre\">10% de r\u00e9duction<\/strong><\/p>\n<h3>The Carsafe<\/h3>\n<p>Car storage &amp; Car Concierge<br \/>\n18, avenue Hector Otto &#8211; Monaco<br \/>\n<a href=\"http:\/\/thecarsafe.com\">thecarsafe.com<\/a><\/p>\n<hr \/>\n<p><strong class=\"texte-encadre\">10% de r\u00e9duction<\/strong><\/p>\n<h3>Simon 1946<\/h3>\n<p>Spas et \u00e9quipements de bien-\u00eatre de qualit\u00e9<br \/>\n<a href=\"http:\/\/www.es1946.com\">www.es1946.com<\/a><\/p>\n<hr \/>\n<p><strong class=\"texte-encadre\">10% de r\u00e9duction<\/strong><\/p>\n<h3>Monaco Pneus Mobile<\/h3>\n<p>Service de montage de pneumatiques \u00e0 domicile<br \/>\n<a href=\"http:\/\/www.monacopneusmobile.com\">www.monacopneusmobile.com<\/a><\/p>\n<hr \/>\n<p><strong class=\"texte-encadre\">10% de r\u00e9duction<\/strong><\/p>\n<h3>Joaillier des Fleurs<\/h3>\n<p>3, avenue Prince Pierre &#8211; Monaco<br \/>\n<a href=\"http:\/\/marcotraverso.fr\">marcotraverso.fr<\/a><\/p>\n"}],"activer_la_redirection":false,"icone_quick_link":"<i class=\"fas fa-thumbs-up\" aria-hidden=\"true\"><\/i>"},"yoast_head":"<!-- This site is optimized with the Yoast SEO plugin v27.4 - https:\/\/yoast.com\/product\/yoast-seo-wordpress\/ -->\n<title>Bonnes adresses - Automobile Club de Monaco<\/title>\n<meta name=\"robots\" content=\"index, follow, max-snippet:-1, max-image-preview:large, max-video-preview:-1\" \/>\n<link rel=\"canonical\" href=\"https:\/\/acm.mc\/en\/automobile-club\/the-club\/membership\/bonnes-adresses\/\" \/>\n<meta property=\"og:locale\" content=\"en_US\" \/>\n<meta property=\"og:type\" content=\"article\" \/>\n<meta property=\"og:title\" content=\"Bonnes adresses - Automobile Club de Monaco\" \/>\n<meta property=\"og:url\" content=\"https:\/\/acm.mc\/en\/automobile-club\/the-club\/membership\/bonnes-adresses\/\" \/>\n<meta property=\"og:site_name\" content=\"Automobile Club de Monaco\" \/>\n<meta property=\"article:publisher\" content=\"https:\/\/www.facebook.com\/automobileclubmonacoMC\" \/>\n<meta property=\"article:modified_time\" content=\"2026-03-10T14:44:49+00:00\" \/>\n<meta property=\"og:image\" content=\"https:\/\/acm.mc\/wp-content\/uploads\/2025\/10\/img-bkg-widget-espace-membres.jpg\" \/>\n\t<meta property=\"og:image:width\" content=\"1908\" \/>\n\t<meta property=\"og:image:height\" content=\"900\" \/>\n\t<meta property=\"og:image:type\" content=\"image\/jpeg\" \/>\n<meta name=\"twitter:card\" content=\"summary_large_image\" \/>\n<meta name=\"twitter:site\" content=\"@ACM_Media\" \/>\n<meta name=\"twitter:label1\" content=\"Est. reading time\" \/>\n\t<meta name=\"twitter:data1\" content=\"1 minute\" \/>\n<script type=\"application\/ld+json\" class=\"yoast-schema-graph\">{\"@context\":\"https:\\\/\\\/schema.org\",\"@graph\":[{\"@type\":\"WebPage\",\"@id\":\"https:\\\/\\\/acm.mc\\\/en\\\/automobile-club\\\/the-club\\\/membership\\\/bonnes-adresses\\\/\",\"url\":\"https:\\\/\\\/acm.mc\\\/en\\\/automobile-club\\\/the-club\\\/membership\\\/bonnes-adresses\\\/\",\"name\":\"Bonnes adresses - Automobile Club de Monaco\",\"isPartOf\":{\"@id\":\"https:\\\/\\\/acm.mc\\\/en\\\/#website\"},\"primaryImageOfPage\":{\"@id\":\"https:\\\/\\\/acm.mc\\\/en\\\/automobile-club\\\/the-club\\\/membership\\\/bonnes-adresses\\\/#primaryimage\"},\"image\":{\"@id\":\"https:\\\/\\\/acm.mc\\\/en\\\/automobile-club\\\/the-club\\\/membership\\\/bonnes-adresses\\\/#primaryimage\"},\"thumbnailUrl\":\"https:\\\/\\\/acm.mc\\\/wp-content\\\/uploads\\\/2025\\\/10\\\/img-bkg-widget-espace-membres.jpg\",\"datePublished\":\"2022-01-02T23:00:00+00:00\",\"dateModified\":\"2026-03-10T14:44:49+00:00\",\"breadcrumb\":{\"@id\":\"https:\\\/\\\/acm.mc\\\/en\\\/automobile-club\\\/the-club\\\/membership\\\/bonnes-adresses\\\/#breadcrumb\"},\"inLanguage\":\"en-US\",\"potentialAction\":[{\"@type\":\"ReadAction\",\"target\":[\"https:\\\/\\\/acm.mc\\\/en\\\/automobile-club\\\/the-club\\\/membership\\\/bonnes-adresses\\\/\"]}]},{\"@type\":\"ImageObject\",\"inLanguage\":\"en-US\",\"@id\":\"https:\\\/\\\/acm.mc\\\/en\\\/automobile-club\\\/the-club\\\/membership\\\/bonnes-adresses\\\/#primaryimage\",\"url\":\"https:\\\/\\\/acm.mc\\\/wp-content\\\/uploads\\\/2025\\\/10\\\/img-bkg-widget-espace-membres.jpg\",\"contentUrl\":\"https:\\\/\\\/acm.mc\\\/wp-content\\\/uploads\\\/2025\\\/10\\\/img-bkg-widget-espace-membres.jpg\",\"width\":1908,\"height\":900},{\"@type\":\"BreadcrumbList\",\"@id\":\"https:\\\/\\\/acm.mc\\\/en\\\/automobile-club\\\/the-club\\\/membership\\\/bonnes-adresses\\\/#breadcrumb\",\"itemListElement\":[{\"@type\":\"ListItem\",\"position\":1,\"name\":\"Home\",\"item\":\"https:\\\/\\\/acm.mc\\\/en\\\/\"},{\"@type\":\"ListItem\",\"position\":2,\"name\":\"Automobile Club de Monaco\",\"item\":\"https:\\\/\\\/acm.mc\\\/en\\\/automobile-club\\\/\"},{\"@type\":\"ListItem\",\"position\":3,\"name\":\"The Club\",\"item\":\"https:\\\/\\\/acm.mc\\\/en\\\/automobile-club\\\/the-club\\\/\"},{\"@type\":\"ListItem\",\"position\":4,\"name\":\"Membership\",\"item\":\"https:\\\/\\\/acm.mc\\\/en\\\/automobile-club\\\/the-club\\\/membership\\\/\"},{\"@type\":\"ListItem\",\"position\":5,\"name\":\"Bonnes adresses\"}]},{\"@type\":\"WebSite\",\"@id\":\"https:\\\/\\\/acm.mc\\\/en\\\/#website\",\"url\":\"https:\\\/\\\/acm.mc\\\/en\\\/\",\"name\":\"Automobile Club de Monaco\",\"description\":\"Un site utilisant WordPress\",\"potentialAction\":[{\"@type\":\"SearchAction\",\"target\":{\"@type\":\"EntryPoint\",\"urlTemplate\":\"https:\\\/\\\/acm.mc\\\/en\\\/?s={search_term_string}\"},\"query-input\":{\"@type\":\"PropertyValueSpecification\",\"valueRequired\":true,\"valueName\":\"search_term_string\"}}],\"inLanguage\":\"en-US\"}]}<\/script>\n<!-- \/ Yoast SEO plugin. -->","yoast_head_json":{"title":"Bonnes adresses - Automobile Club de Monaco","robots":{"index":"index","follow":"follow","max-snippet":"max-snippet:-1","max-image-preview":"max-image-preview:large","max-video-preview":"max-video-preview:-1"},"canonical":"https:\/\/acm.mc\/en\/automobile-club\/the-club\/membership\/bonnes-adresses\/","og_locale":"en_US","og_type":"article","og_title":"Bonnes adresses - Automobile Club de Monaco","og_url":"https:\/\/acm.mc\/en\/automobile-club\/the-club\/membership\/bonnes-adresses\/","og_site_name":"Automobile Club de Monaco","article_publisher":"https:\/\/www.facebook.com\/automobileclubmonacoMC","article_modified_time":"2026-03-10T14:44:49+00:00","og_image":[{"width":1908,"height":900,"url":"https:\/\/acm.mc\/wp-content\/uploads\/2025\/10\/img-bkg-widget-espace-membres.jpg","type":"image\/jpeg"}],"twitter_card":"summary_large_image","twitter_site":"@ACM_Media","twitter_misc":{"Est. reading time":"1 minute"},"schema":{"@context":"https:\/\/schema.org","@graph":[{"@type":"WebPage","@id":"https:\/\/acm.mc\/en\/automobile-club\/the-club\/membership\/bonnes-adresses\/","url":"https:\/\/acm.mc\/en\/automobile-club\/the-club\/membership\/bonnes-adresses\/","name":"Bonnes adresses - Automobile Club de Monaco","isPartOf":{"@id":"https:\/\/acm.mc\/en\/#website"},"primaryImageOfPage":{"@id":"https:\/\/acm.mc\/en\/automobile-club\/the-club\/membership\/bonnes-adresses\/#primaryimage"},"image":{"@id":"https:\/\/acm.mc\/en\/automobile-club\/the-club\/membership\/bonnes-adresses\/#primaryimage"},"thumbnailUrl":"https:\/\/acm.mc\/wp-content\/uploads\/2025\/10\/img-bkg-widget-espace-membres.jpg","datePublished":"2022-01-02T23:00:00+00:00","dateModified":"2026-03-10T14:44:49+00:00","breadcrumb":{"@id":"https:\/\/acm.mc\/en\/automobile-club\/the-club\/membership\/bonnes-adresses\/#breadcrumb"},"inLanguage":"en-US","potentialAction":[{"@type":"ReadAction","target":["https:\/\/acm.mc\/en\/automobile-club\/the-club\/membership\/bonnes-adresses\/"]}]},{"@type":"ImageObject","inLanguage":"en-US","@id":"https:\/\/acm.mc\/en\/automobile-club\/the-club\/membership\/bonnes-adresses\/#primaryimage","url":"https:\/\/acm.mc\/wp-content\/uploads\/2025\/10\/img-bkg-widget-espace-membres.jpg","contentUrl":"https:\/\/acm.mc\/wp-content\/uploads\/2025\/10\/img-bkg-widget-espace-membres.jpg","width":1908,"height":900},{"@type":"BreadcrumbList","@id":"https:\/\/acm.mc\/en\/automobile-club\/the-club\/membership\/bonnes-adresses\/#breadcrumb","itemListElement":[{"@type":"ListItem","position":1,"name":"Home","item":"https:\/\/acm.mc\/en\/"},{"@type":"ListItem","position":2,"name":"Automobile Club de Monaco","item":"https:\/\/acm.mc\/en\/automobile-club\/"},{"@type":"ListItem","position":3,"name":"The Club","item":"https:\/\/acm.mc\/en\/automobile-club\/the-club\/"},{"@type":"ListItem","position":4,"name":"Membership","item":"https:\/\/acm.mc\/en\/automobile-club\/the-club\/membership\/"},{"@type":"ListItem","position":5,"name":"Bonnes adresses"}]},{"@type":"WebSite","@id":"https:\/\/acm.mc\/en\/#website","url":"https:\/\/acm.mc\/en\/","name":"Automobile Club de Monaco","description":"Un site utilisant WordPress","potentialAction":[{"@type":"SearchAction","target":{"@type":"EntryPoint","urlTemplate":"https:\/\/acm.mc\/en\/?s={search_term_string}"},"query-input":{"@type":"PropertyValueSpecification","valueRequired":true,"valueName":"search_term_string"}}],"inLanguage":"en-US"}]}},"_links":{"self":[{"href":"https:\/\/acm.mc\/en\/wp-json\/wp\/v2\/pages\/8671","targetHints":{"allow":["GET"]}}],"collection":[{"href":"https:\/\/acm.mc\/en\/wp-json\/wp\/v2\/pages"}],"about":[{"href":"https:\/\/acm.mc\/en\/wp-json\/wp\/v2\/types\/page"}],"author":[{"embeddable":true,"href":"https:\/\/acm.mc\/en\/wp-json\/wp\/v2\/users\/1"}],"replies":[{"embeddable":true,"href":"https:\/\/acm.mc\/en\/wp-json\/wp\/v2\/comments?post=8671"}],"version-history":[{"count":4,"href":"https:\/\/acm.mc\/en\/wp-json\/wp\/v2\/pages\/8671\/revisions"}],"predecessor-version":[{"id":10617864,"href":"https:\/\/acm.mc\/en\/wp-json\/wp\/v2\/pages\/8671\/revisions\/10617864"}],"up":[{"embeddable":true,"href":"https:\/\/acm.mc\/en\/wp-json\/wp\/v2\/pages\/8668"}],"wp:featuredmedia":[{"embeddable":true,"href":"https:\/\/acm.mc\/en\/wp-json\/wp\/v2\/media\/10608676"}],"wp:attachment":[{"href":"https:\/\/acm.mc\/en\/wp-json\/wp\/v2\/media?parent=8671"}],"wp:term":[{"taxonomy":"category","embeddable":true,"href":"https:\/\/acm.mc\/en\/wp-json\/wp\/v2\/categories?post=8671"}],"curies":[{"name":"wp","href":"https:\/\/api.w.org\/{rel}","templated":true}]}}