{"id":8703,"date":"2022-01-20T10:14:31","date_gmt":"2022-01-20T09:14:31","guid":{"rendered":"https:\/\/acm.mc\/automobile-club\/elegance-et-automobile-monte-carlo\/espace-concurrents\/infos-participants\/"},"modified":"2022-01-20T10:14:31","modified_gmt":"2022-01-20T09:14:31","slug":"infos-participants","status":"publish","type":"page","link":"https:\/\/acm.mc\/en\/automobile-club\/elegance-et-automobile-monte-carlo\/espace-concurrents\/infos-participants\/","title":{"rendered":"Infos participants"},"content":{"rendered":"","protected":false},"excerpt":{"rendered":"","protected":false},"author":1,"featured_media":0,"parent":8702,"menu_order":30,"comment_status":"closed","ping_status":"closed","template":"tpl-elegance-enfant.php","meta":{"_acf_changed":false,"footnotes":""},"categories":[],"class_list":["post-8703","page","type-page","status-publish","hentry"],"acf":{"icone_quick_link":"","afficher_la_page_en_grise":false,"activer_la_redirection":false,"contenu_des_pages":[{"acf_fc_layout":"bloc-document-telecharger","titre":"Documents \u00e0 t\u00e9l\u00e9charger","module_document":[{"categorie_de_document":"Communication","transformer_la_categorie_en_accordeon":false,"documents":[{"titre_de_document":"\"Best Of\" Elegance et Automobile \u00e0 Monte-Carlo ","document":{"ID":8379,"id":8379,"title":"Best-Of-EA-2019-FR","filename":"Best-Of-EA-2019-FR.pdf","filesize":1646312,"url":"https:\/\/acm.mc\/wp-content\/uploads\/2022\/01\/Best-Of-EA-2019-FR.pdf","link":"https:\/\/acm.mc\/en\/automobile-club\/elegance-et-automobile-monte-carlo\/espace-concurrents\/infos-participants\/best-of-ea-2019-fr-2\/","alt":"","author":"1","description":"","caption":"","name":"best-of-ea-2019-fr-2","status":"inherit","uploaded_to":8703,"date":"2022-01-20 09:15:37","modified":"2022-01-20 09:15:37","menu_order":0,"mime_type":"application\/pdf","type":"application","subtype":"pdf","icon":"https:\/\/acm.mc\/wp-includes\/images\/media\/document.png"},"hide_document":false},{"titre_de_document":"Demande de Participation - El\u00e9gance et Automobile Monte-Carlo 2019 ","document":{"ID":8381,"id":8381,"title":"2019-Ele\u0301gance-et-Automobile_Demande-de-participation-07-05-2019","filename":"2019-Ele\u0301gance-et-Automobile_Demande-de-participation-07-05-2019.pdf","filesize":0,"url":"https:\/\/acm.mc\/wp-content\/uploads\/2022\/01\/2019-Ele\u0301gance-et-Automobile_Demande-de-participation-07-05-2019.pdf","link":"https:\/\/acm.mc\/en\/automobile-club\/elegance-et-automobile-monte-carlo\/espace-concurrents\/infos-participants\/2019-elegance-et-automobile_demande-de-participation-07-05-2019-2-2\/","alt":"","author":"1","description":"","caption":"","name":"2019-elegance-et-automobile_demande-de-participation-07-05-2019-2-2","status":"inherit","uploaded_to":8703,"date":"2022-01-20 09:15:37","modified":"2022-01-20 09:15:37","menu_order":0,"mime_type":"application\/pdf","type":"application","subtype":"pdf","icon":"https:\/\/acm.mc\/wp-includes\/images\/media\/document.png"},"hide_document":false}],"hide_categorie":false}],"activer_la_recherche":false}]},"yoast_head":"<!-- This site is optimized with the Yoast SEO plugin v27.4 - https:\/\/yoast.com\/product\/yoast-seo-wordpress\/ -->\n<title>Infos participants - Automobile Club de Monaco<\/title>\n<meta name=\"robots\" content=\"index, follow, max-snippet:-1, max-image-preview:large, max-video-preview:-1\" \/>\n<link rel=\"canonical\" href=\"https:\/\/acm.mc\/en\/automobile-club\/elegance-et-automobile-monte-carlo\/espace-concurrents\/infos-participants\/\" \/>\n<meta property=\"og:locale\" content=\"en_US\" \/>\n<meta property=\"og:type\" content=\"article\" \/>\n<meta property=\"og:title\" content=\"Infos participants - Automobile Club de Monaco\" \/>\n<meta property=\"og:url\" content=\"https:\/\/acm.mc\/en\/automobile-club\/elegance-et-automobile-monte-carlo\/espace-concurrents\/infos-participants\/\" \/>\n<meta property=\"og:site_name\" content=\"Automobile Club de Monaco\" \/>\n<meta property=\"article:publisher\" content=\"https:\/\/www.facebook.com\/automobileclubmonacoMC\" \/>\n<meta name=\"twitter:card\" content=\"summary_large_image\" \/>\n<meta name=\"twitter:site\" content=\"@ACM_Media\" \/>\n<script type=\"application\/ld+json\" class=\"yoast-schema-graph\">{\"@context\":\"https:\\\/\\\/schema.org\",\"@graph\":[{\"@type\":\"WebPage\",\"@id\":\"https:\\\/\\\/acm.mc\\\/en\\\/automobile-club\\\/elegance-et-automobile-monte-carlo\\\/espace-concurrents\\\/infos-participants\\\/\",\"url\":\"https:\\\/\\\/acm.mc\\\/en\\\/automobile-club\\\/elegance-et-automobile-monte-carlo\\\/espace-concurrents\\\/infos-participants\\\/\",\"name\":\"Infos participants - Automobile Club de Monaco\",\"isPartOf\":{\"@id\":\"https:\\\/\\\/acm.mc\\\/en\\\/#website\"},\"datePublished\":\"2022-01-20T09:14:31+00:00\",\"breadcrumb\":{\"@id\":\"https:\\\/\\\/acm.mc\\\/en\\\/automobile-club\\\/elegance-et-automobile-monte-carlo\\\/espace-concurrents\\\/infos-participants\\\/#breadcrumb\"},\"inLanguage\":\"en-US\",\"potentialAction\":[{\"@type\":\"ReadAction\",\"target\":[\"https:\\\/\\\/acm.mc\\\/en\\\/automobile-club\\\/elegance-et-automobile-monte-carlo\\\/espace-concurrents\\\/infos-participants\\\/\"]}]},{\"@type\":\"BreadcrumbList\",\"@id\":\"https:\\\/\\\/acm.mc\\\/en\\\/automobile-club\\\/elegance-et-automobile-monte-carlo\\\/espace-concurrents\\\/infos-participants\\\/#breadcrumb\",\"itemListElement\":[{\"@type\":\"ListItem\",\"position\":1,\"name\":\"Home\",\"item\":\"https:\\\/\\\/acm.mc\\\/en\\\/\"},{\"@type\":\"ListItem\",\"position\":2,\"name\":\"Automobile Club de Monaco\",\"item\":\"https:\\\/\\\/acm.mc\\\/en\\\/automobile-club\\\/\"},{\"@type\":\"ListItem\",\"position\":3,\"name\":\"\u00c9l\u00e9gance et Automobile Monte-Carlo\",\"item\":\"https:\\\/\\\/acm.mc\\\/en\\\/automobile-club\\\/elegance-et-automobile-monte-carlo\\\/\"},{\"@type\":\"ListItem\",\"position\":4,\"name\":\"Espace concurrents\",\"item\":\"https:\\\/\\\/acm.mc\\\/en\\\/automobile-club\\\/elegance-et-automobile-monte-carlo\\\/espace-concurrents\\\/\"},{\"@type\":\"ListItem\",\"position\":5,\"name\":\"Infos participants\"}]},{\"@type\":\"WebSite\",\"@id\":\"https:\\\/\\\/acm.mc\\\/en\\\/#website\",\"url\":\"https:\\\/\\\/acm.mc\\\/en\\\/\",\"name\":\"Automobile Club de Monaco\",\"description\":\"Un site utilisant WordPress\",\"potentialAction\":[{\"@type\":\"SearchAction\",\"target\":{\"@type\":\"EntryPoint\",\"urlTemplate\":\"https:\\\/\\\/acm.mc\\\/en\\\/?s={search_term_string}\"},\"query-input\":{\"@type\":\"PropertyValueSpecification\",\"valueRequired\":true,\"valueName\":\"search_term_string\"}}],\"inLanguage\":\"en-US\"}]}<\/script>\n<!-- \/ Yoast SEO plugin. -->","yoast_head_json":{"title":"Infos participants - Automobile Club de Monaco","robots":{"index":"index","follow":"follow","max-snippet":"max-snippet:-1","max-image-preview":"max-image-preview:large","max-video-preview":"max-video-preview:-1"},"canonical":"https:\/\/acm.mc\/en\/automobile-club\/elegance-et-automobile-monte-carlo\/espace-concurrents\/infos-participants\/","og_locale":"en_US","og_type":"article","og_title":"Infos participants - Automobile Club de Monaco","og_url":"https:\/\/acm.mc\/en\/automobile-club\/elegance-et-automobile-monte-carlo\/espace-concurrents\/infos-participants\/","og_site_name":"Automobile Club de Monaco","article_publisher":"https:\/\/www.facebook.com\/automobileclubmonacoMC","twitter_card":"summary_large_image","twitter_site":"@ACM_Media","schema":{"@context":"https:\/\/schema.org","@graph":[{"@type":"WebPage","@id":"https:\/\/acm.mc\/en\/automobile-club\/elegance-et-automobile-monte-carlo\/espace-concurrents\/infos-participants\/","url":"https:\/\/acm.mc\/en\/automobile-club\/elegance-et-automobile-monte-carlo\/espace-concurrents\/infos-participants\/","name":"Infos participants - Automobile Club de Monaco","isPartOf":{"@id":"https:\/\/acm.mc\/en\/#website"},"datePublished":"2022-01-20T09:14:31+00:00","breadcrumb":{"@id":"https:\/\/acm.mc\/en\/automobile-club\/elegance-et-automobile-monte-carlo\/espace-concurrents\/infos-participants\/#breadcrumb"},"inLanguage":"en-US","potentialAction":[{"@type":"ReadAction","target":["https:\/\/acm.mc\/en\/automobile-club\/elegance-et-automobile-monte-carlo\/espace-concurrents\/infos-participants\/"]}]},{"@type":"BreadcrumbList","@id":"https:\/\/acm.mc\/en\/automobile-club\/elegance-et-automobile-monte-carlo\/espace-concurrents\/infos-participants\/#breadcrumb","itemListElement":[{"@type":"ListItem","position":1,"name":"Home","item":"https:\/\/acm.mc\/en\/"},{"@type":"ListItem","position":2,"name":"Automobile Club de Monaco","item":"https:\/\/acm.mc\/en\/automobile-club\/"},{"@type":"ListItem","position":3,"name":"\u00c9l\u00e9gance et Automobile Monte-Carlo","item":"https:\/\/acm.mc\/en\/automobile-club\/elegance-et-automobile-monte-carlo\/"},{"@type":"ListItem","position":4,"name":"Espace concurrents","item":"https:\/\/acm.mc\/en\/automobile-club\/elegance-et-automobile-monte-carlo\/espace-concurrents\/"},{"@type":"ListItem","position":5,"name":"Infos participants"}]},{"@type":"WebSite","@id":"https:\/\/acm.mc\/en\/#website","url":"https:\/\/acm.mc\/en\/","name":"Automobile Club de Monaco","description":"Un site utilisant WordPress","potentialAction":[{"@type":"SearchAction","target":{"@type":"EntryPoint","urlTemplate":"https:\/\/acm.mc\/en\/?s={search_term_string}"},"query-input":{"@type":"PropertyValueSpecification","valueRequired":true,"valueName":"search_term_string"}}],"inLanguage":"en-US"}]}},"_links":{"self":[{"href":"https:\/\/acm.mc\/en\/wp-json\/wp\/v2\/pages\/8703","targetHints":{"allow":["GET"]}}],"collection":[{"href":"https:\/\/acm.mc\/en\/wp-json\/wp\/v2\/pages"}],"about":[{"href":"https:\/\/acm.mc\/en\/wp-json\/wp\/v2\/types\/page"}],"author":[{"embeddable":true,"href":"https:\/\/acm.mc\/en\/wp-json\/wp\/v2\/users\/1"}],"replies":[{"embeddable":true,"href":"https:\/\/acm.mc\/en\/wp-json\/wp\/v2\/comments?post=8703"}],"version-history":[{"count":0,"href":"https:\/\/acm.mc\/en\/wp-json\/wp\/v2\/pages\/8703\/revisions"}],"up":[{"embeddable":true,"href":"https:\/\/acm.mc\/en\/wp-json\/wp\/v2\/pages\/8702"}],"wp:attachment":[{"href":"https:\/\/acm.mc\/en\/wp-json\/wp\/v2\/media?parent=8703"}],"wp:term":[{"taxonomy":"category","embeddable":true,"href":"https:\/\/acm.mc\/en\/wp-json\/wp\/v2\/categories?post=8703"}],"curies":[{"name":"wp","href":"https:\/\/api.w.org\/{rel}","templated":true}]}}