{"id":8704,"date":"2021-11-11T00:00:00","date_gmt":"2021-11-10T23:00:00","guid":{"rendered":"https:\/\/acm.mc\/automobile-club\/le-corps-des-commissaires\/"},"modified":"2025-10-30T17:03:03","modified_gmt":"2025-10-30T16:03:03","slug":"corps-of-marshals","status":"publish","type":"page","link":"https:\/\/acm.mc\/en\/automobile-club\/corps-of-marshals\/","title":{"rendered":"Corps of Marshals"},"content":{"rendered":"","protected":false},"excerpt":{"rendered":"","protected":false},"author":1,"featured_media":10595901,"parent":8661,"menu_order":80,"comment_status":"closed","ping_status":"closed","template":"2025v2-tpl-club.php","meta":{"_acf_changed":false,"footnotes":""},"categories":[491],"class_list":["post-8704","page","type-page","status-publish","has-post-thumbnail","hentry","category-corps-des-commissaires-en-2"],"acf":{"afficher_la_page_en_grise":false,"activer_la_redirection":false,"logo_de_lentete":false,"boites_dacces_rapide":[{"fast_access_child_club":"8706"},{"fast_access_child_club":"8705"},{"fast_access_child_club":"10582368"},{"fast_access_child_club":"10590149"},{"fast_access_child_club":"10590155"},{"fast_access_child_club":"8682"}],"activer_le_bloc_sous_slider":false,"titre_du_bloc":"","intitule_du_bouton":"","liens_bloc_acm":[{"titre_du_bouton":"Devenir commissaire","lien":{"title":"Devenir Commissaire de l\u2019ACM","url":"https:\/\/acm.mc\/automobile-club\/le-corps-des-commissaires\/devenir-commissaire-de-lacm\/","target":""}}],"titre_bloc_acm":"Le Corps des Commissaires","contenu_bloc_acm":"Le Corps des Commissaires de l\u2019Automobile Club de Monaco est compos\u00e9 de b\u00e9n\u00e9voles, dont le r\u00f4le est essentiel, pouvant assurer diff\u00e9rentes fonctions dans les \u00e9preuves organis\u00e9es par l\u2019ACM, mais qui, compte-tenu des contraintes et des risques li\u00e9s au sport automobile, doivent accomplir leur mission de la mani\u00e8re la plus \u00ab professionnelle \u00bb et la plus rigoureuse possible.","image_de_fond":{"ID":10595901,"id":10595901,"title":"banner-commissaires","filename":"banner-commissaires-jpg.webp","filesize":720494,"url":"https:\/\/acm.mc\/wp-content\/uploads\/2024\/01\/banner-commissaires-jpg.webp","link":"https:\/\/acm.mc\/en\/automobile-club\/corps-of-marshals\/banner-commissaires-2\/","alt":"","author":"1","description":"","caption":"","name":"banner-commissaires-2","status":"inherit","uploaded_to":8704,"date":"2024-01-03 15:41:32","modified":"2024-01-03 15:41:32","menu_order":0,"mime_type":"image\/jpeg","type":"image","subtype":"jpeg","icon":"https:\/\/acm.mc\/wp-includes\/images\/media\/default.png","width":1500,"height":1000,"sizes":{"thumbnail":"https:\/\/acm.mc\/wp-content\/uploads\/2024\/01\/banner-commissaires-150x150.webp","thumbnail-width":150,"thumbnail-height":150,"medium":"https:\/\/acm.mc\/wp-content\/uploads\/2024\/01\/banner-commissaires-300x200.webp","medium-width":300,"medium-height":200,"medium_large":"https:\/\/acm.mc\/wp-content\/uploads\/2024\/01\/banner-commissaires-768x512.webp","medium_large-width":768,"medium_large-height":512,"large":"https:\/\/acm.mc\/wp-content\/uploads\/2024\/01\/banner-commissaires-1024x683.webp","large-width":1024,"large-height":683,"1536x1536":"https:\/\/acm.mc\/wp-content\/uploads\/2024\/01\/banner-commissaires-jpg.webp","1536x1536-width":1500,"1536x1536-height":1000,"2048x2048":"https:\/\/acm.mc\/wp-content\/uploads\/2024\/01\/banner-commissaires-jpg.webp","2048x2048-width":1500,"2048x2048-height":1000,"wide":"https:\/\/acm.mc\/wp-content\/uploads\/2024\/01\/banner-commissaires-jpg.webp","wide-width":1500,"wide-height":1000,"fastaccess":"https:\/\/acm.mc\/wp-content\/uploads\/2024\/01\/banner-commissaires-416x180.webp","fastaccess-width":416,"fastaccess-height":180}},"image_a_la_une":{"ID":10595910,"id":10595910,"title":"logo-commissaires","filename":"logo-commissaires-jpg.webp","filesize":114281,"url":"https:\/\/acm.mc\/wp-content\/uploads\/2024\/01\/logo-commissaires-jpg.webp","link":"https:\/\/acm.mc\/en\/automobile-club\/corps-of-marshals\/logo-commissaires-2\/","alt":"","author":"1","description":"","caption":"","name":"logo-commissaires-2","status":"inherit","uploaded_to":8704,"date":"2024-01-03 16:03:12","modified":"2024-01-03 16:03:12","menu_order":0,"mime_type":"image\/jpeg","type":"image","subtype":"jpeg","icon":"https:\/\/acm.mc\/wp-includes\/images\/media\/default.png","width":728,"height":1024,"sizes":{"thumbnail":"https:\/\/acm.mc\/wp-content\/uploads\/2024\/01\/logo-commissaires-150x150.webp","thumbnail-width":150,"thumbnail-height":150,"medium":"https:\/\/acm.mc\/wp-content\/uploads\/2024\/01\/logo-commissaires-213x300.webp","medium-width":213,"medium-height":300,"medium_large":"https:\/\/acm.mc\/wp-content\/uploads\/2024\/01\/logo-commissaires-jpg.webp","medium_large-width":728,"medium_large-height":1024,"large":"https:\/\/acm.mc\/wp-content\/uploads\/2024\/01\/logo-commissaires-jpg.webp","large-width":728,"large-height":1024,"1536x1536":"https:\/\/acm.mc\/wp-content\/uploads\/2024\/01\/logo-commissaires-jpg.webp","1536x1536-width":728,"1536x1536-height":1024,"2048x2048":"https:\/\/acm.mc\/wp-content\/uploads\/2024\/01\/logo-commissaires-jpg.webp","2048x2048-width":728,"2048x2048-height":1024,"wide":"https:\/\/acm.mc\/wp-content\/uploads\/2024\/01\/logo-commissaires-jpg.webp","wide-width":728,"wide-height":1024,"fastaccess":"https:\/\/acm.mc\/wp-content\/uploads\/2024\/01\/logo-commissaires-416x180.webp","fastaccess-width":416,"fastaccess-height":180}},"image_de_fond_de_lentete":{"ID":10595901,"id":10595901,"title":"banner-commissaires","filename":"banner-commissaires-jpg.webp","filesize":720494,"url":"https:\/\/acm.mc\/wp-content\/uploads\/2024\/01\/banner-commissaires-jpg.webp","link":"https:\/\/acm.mc\/en\/automobile-club\/corps-of-marshals\/banner-commissaires-2\/","alt":"","author":"1","description":"","caption":"","name":"banner-commissaires-2","status":"inherit","uploaded_to":8704,"date":"2024-01-03 15:41:32","modified":"2024-01-03 15:41:32","menu_order":0,"mime_type":"image\/jpeg","type":"image","subtype":"jpeg","icon":"https:\/\/acm.mc\/wp-includes\/images\/media\/default.png","width":1500,"height":1000,"sizes":{"thumbnail":"https:\/\/acm.mc\/wp-content\/uploads\/2024\/01\/banner-commissaires-150x150.webp","thumbnail-width":150,"thumbnail-height":150,"medium":"https:\/\/acm.mc\/wp-content\/uploads\/2024\/01\/banner-commissaires-300x200.webp","medium-width":300,"medium-height":200,"medium_large":"https:\/\/acm.mc\/wp-content\/uploads\/2024\/01\/banner-commissaires-768x512.webp","medium_large-width":768,"medium_large-height":512,"large":"https:\/\/acm.mc\/wp-content\/uploads\/2024\/01\/banner-commissaires-1024x683.webp","large-width":1024,"large-height":683,"1536x1536":"https:\/\/acm.mc\/wp-content\/uploads\/2024\/01\/banner-commissaires-jpg.webp","1536x1536-width":1500,"1536x1536-height":1000,"2048x2048":"https:\/\/acm.mc\/wp-content\/uploads\/2024\/01\/banner-commissaires-jpg.webp","2048x2048-width":1500,"2048x2048-height":1000,"wide":"https:\/\/acm.mc\/wp-content\/uploads\/2024\/01\/banner-commissaires-jpg.webp","wide-width":1500,"wide-height":1000,"fastaccess":"https:\/\/acm.mc\/wp-content\/uploads\/2024\/01\/banner-commissaires-416x180.webp","fastaccess-width":416,"fastaccess-height":180}},"galerie_photo":false,"lien_visite":"","titre_page":"","left_part":{"titre":"Excellence in Action","abstract":"<p>Le circuit de Monaco a b\u00e2ti sa renomm\u00e9e internationale sur des particularit\u00e9s : un trac\u00e9 urbain, jonch\u00e9 d\u2019obstacles, (rails de s\u00e9curit\u00e9, grillages, immeubles, trottoirs, etc.) alors que les autres circuits sont \u00e0 l\u2019ext\u00e9rieur des villes bien souvent en rase campagne et sont d\u00e9di\u00e9s uniquement aux courses automobiles ; le circuit de Monaco cultive cette diff\u00e9rence, laquelle concourt \u00e0 sa renomm\u00e9e qui en fait un lieu unique dans le monde des grands prix de F1.<\/p>\n","text_button":"Learn more","display_pages":[{"ID":8707,"post_author":"1","post_date":"2022-01-11 17:14:14","post_date_gmt":"2022-01-11 16:14:14","post_content":"","post_title":"Pr\u00e9sentation","post_excerpt":"","post_status":"publish","comment_status":"closed","ping_status":"closed","post_password":"","post_name":"presentation","to_ping":"","pinged":"","post_modified":"2022-01-11 17:14:14","post_modified_gmt":"2022-01-11 16:14:14","post_content_filtered":"","post_parent":8706,"guid":"https:\/\/acm.mc\/automobile-club\/le-corps-des-commissaires\/le-corps-des-commissaires\/presentation\/","menu_order":34,"post_type":"page","post_mime_type":"","comment_count":"0","filter":"raw"},{"ID":8708,"post_author":"1","post_date":"2022-01-11 17:15:00","post_date_gmt":"2022-01-11 16:15:00","post_content":"","post_title":"Encadrement","post_excerpt":"","post_status":"publish","comment_status":"closed","ping_status":"closed","post_password":"","post_name":"encadrement","to_ping":"","pinged":"","post_modified":"2025-06-18 19:30:30","post_modified_gmt":"2025-06-18 17:30:30","post_content_filtered":"","post_parent":8706,"guid":"https:\/\/acm.mc\/automobile-club\/le-corps-des-commissaires\/le-corps-des-commissaires\/encadrement\/","menu_order":86,"post_type":"page","post_mime_type":"","comment_count":"0","filter":"raw"},{"ID":8709,"post_author":"1","post_date":"2022-01-11 17:16:55","post_date_gmt":"2022-01-11 16:16:55","post_content":"","post_title":"Les drapeaux","post_excerpt":"","post_status":"publish","comment_status":"closed","ping_status":"closed","post_password":"","post_name":"les-drapeaux","to_ping":"","pinged":"","post_modified":"2022-01-11 17:16:55","post_modified_gmt":"2022-01-11 16:16:55","post_content_filtered":"","post_parent":8706,"guid":"https:\/\/acm.mc\/automobile-club\/le-corps-des-commissaires\/le-corps-des-commissaires\/les-drapeaux\/","menu_order":91,"post_type":"page","post_mime_type":"","comment_count":"0","filter":"raw"},{"ID":8710,"post_author":"1","post_date":"2022-01-11 17:15:54","post_date_gmt":"2022-01-11 16:15:54","post_content":"","post_title":"Fonctions et Grades","post_excerpt":"","post_status":"publish","comment_status":"closed","ping_status":"closed","post_password":"","post_name":"fonctions-et-grades","to_ping":"","pinged":"","post_modified":"2022-01-11 17:15:54","post_modified_gmt":"2022-01-11 16:15:54","post_content_filtered":"","post_parent":8706,"guid":"https:\/\/acm.mc\/automobile-club\/le-corps-des-commissaires\/le-corps-des-commissaires\/fonctions-et-grades\/","menu_order":95,"post_type":"page","post_mime_type":"","comment_count":"0","filter":"raw"},{"ID":8688,"post_author":"1","post_date":"2021-12-09 00:00:00","post_date_gmt":"2021-12-08 23:00:00","post_content":"","post_title":"News","post_excerpt":"","post_status":"publish","comment_status":"closed","ping_status":"closed","post_password":"","post_name":"news","to_ping":"","pinged":"","post_modified":"2022-03-07 17:30:35","post_modified_gmt":"2022-03-07 16:30:35","post_content_filtered":"","post_parent":8683,"guid":"https:\/\/acm.mc\/automobile-club\/le-club\/lautomobile-club-de-monaco\/actualites\/","menu_order":17,"post_type":"page","post_mime_type":"","comment_count":"0","filter":"raw"},{"ID":8682,"post_author":"1","post_date":"2021-12-10 00:00:00","post_date_gmt":"2021-12-09 23:00:00","post_content":"","post_title":"Marshals and Officials Area","post_excerpt":"","post_status":"publish","comment_status":"closed","ping_status":"closed","post_password":"","post_name":"marshals-and-officials-area","to_ping":"","pinged":"","post_modified":"2024-11-07 17:55:12","post_modified_gmt":"2024-11-07 16:55:12","post_content_filtered":"","post_parent":8704,"guid":"https:\/\/acm.mc\/automobile-club\/le-club\/acces-licencies\/","menu_order":81,"post_type":"page","post_mime_type":"","comment_count":"0","filter":"raw"},{"ID":10582368,"post_author":"1","post_date":"2022-04-15 16:35:36","post_date_gmt":"2022-04-15 14:35:36","post_content":"","post_title":"Newsletter","post_excerpt":"","post_status":"publish","comment_status":"closed","ping_status":"closed","post_password":"","post_name":"newsletter","to_ping":"","pinged":"","post_modified":"2023-12-20 10:22:53","post_modified_gmt":"2023-12-20 09:22:53","post_content_filtered":"","post_parent":8704,"guid":"https:\/\/acm.mc\/automobile-club\/corps-of-marshals\/le-corps-des-commissaires\/newsletter\/","menu_order":87,"post_type":"page","post_mime_type":"","comment_count":"0","filter":"raw"},{"ID":8711,"post_author":"1","post_date":"2022-01-11 17:48:35","post_date_gmt":"2022-01-11 16:48:35","post_content":"","post_title":"Page Facebook","post_excerpt":"","post_status":"publish","comment_status":"closed","ping_status":"closed","post_password":"","post_name":"page-facebook","to_ping":"","pinged":"","post_modified":"2022-01-11 17:48:35","post_modified_gmt":"2022-01-11 16:48:35","post_content_filtered":"","post_parent":8706,"guid":"https:\/\/acm.mc\/automobile-club\/le-corps-des-commissaires\/le-corps-des-commissaires\/page-facebook\/","menu_order":98,"post_type":"page","post_mime_type":"","comment_count":"0","filter":"raw"}]},"right_part":{"widget":"devenir-commissaire","acces_rapides":[{"ID":10590149,"post_author":"2","post_date":"2023-02-28 19:33:50","post_date_gmt":"2023-02-28 18:33:50","post_content":"","post_title":"Photos","post_excerpt":"","post_status":"publish","comment_status":"closed","ping_status":"closed","post_password":"","post_name":"photos","to_ping":"","pinged":"","post_modified":"2026-03-23 09:55:06","post_modified_gmt":"2026-03-23 08:55:06","post_content_filtered":"","post_parent":8704,"guid":"https:\/\/acm.mc\/automobile-club\/corps-of-marshals\/photos\/","menu_order":116,"post_type":"page","post_mime_type":"","comment_count":"0","filter":"raw"},{"ID":10590155,"post_author":"2","post_date":"2023-03-01 09:27:48","post_date_gmt":"2023-03-01 08:27:48","post_content":"","post_title":"Videos","post_excerpt":"","post_status":"publish","comment_status":"closed","ping_status":"closed","post_password":"","post_name":"videos","to_ping":"","pinged":"","post_modified":"2024-03-26 18:09:58","post_modified_gmt":"2024-03-26 17:09:58","post_content_filtered":"","post_parent":8704,"guid":"https:\/\/acm.mc\/automobile-club\/corps-of-marshals\/videos\/","menu_order":141,"post_type":"page","post_mime_type":"","comment_count":"0","filter":"raw"}]},"logo_page":{"ID":10608729,"id":10608729,"title":"logo-corps-des-commissaires","filename":"logo-corps-des-commissaires.png","filesize":159278,"url":"https:\/\/acm.mc\/wp-content\/uploads\/2025\/10\/logo-corps-des-commissaires.png","link":"https:\/\/acm.mc\/en\/automobile-club\/corps-of-marshals\/logo-corps-des-commissaires-2-2\/","alt":"","author":"1","description":"","caption":"","name":"logo-corps-des-commissaires-2-2","status":"inherit","uploaded_to":8704,"date":"2025-10-30 15:25:09","modified":"2025-10-30 15:25:09","menu_order":0,"mime_type":"image\/png","type":"image","subtype":"png","icon":"https:\/\/acm.mc\/wp-includes\/images\/media\/default.png","width":1612,"height":1610,"sizes":{"thumbnail":"https:\/\/acm.mc\/wp-content\/uploads\/2025\/10\/logo-corps-des-commissaires-150x150.png","thumbnail-width":150,"thumbnail-height":150,"medium":"https:\/\/acm.mc\/wp-content\/uploads\/2025\/10\/logo-corps-des-commissaires-300x300.png","medium-width":300,"medium-height":300,"medium_large":"https:\/\/acm.mc\/wp-content\/uploads\/2025\/10\/logo-corps-des-commissaires-768x767.png","medium_large-width":768,"medium_large-height":767,"large":"https:\/\/acm.mc\/wp-content\/uploads\/2025\/10\/logo-corps-des-commissaires-1024x1024.png","large-width":1024,"large-height":1024,"1536x1536":"https:\/\/acm.mc\/wp-content\/uploads\/2025\/10\/logo-corps-des-commissaires-1536x1534.png","1536x1536-width":1536,"1536x1536-height":1534,"2048x2048":"https:\/\/acm.mc\/wp-content\/uploads\/2025\/10\/logo-corps-des-commissaires.png","2048x2048-width":1612,"2048x2048-height":1610,"wide":"https:\/\/acm.mc\/wp-content\/uploads\/2025\/10\/logo-corps-des-commissaires-1612x1200.png","wide-width":1612,"wide-height":1200,"fastaccess":"https:\/\/acm.mc\/wp-content\/uploads\/2025\/10\/logo-corps-des-commissaires-416x180.png","fastaccess-width":416,"fastaccess-height":180}},"icone_quick_link":"","lien_du_bouton":{"title":"","url":"","target":"","0":""}},"yoast_head":"<!-- This site is optimized with the Yoast SEO plugin v27.4 - https:\/\/yoast.com\/product\/yoast-seo-wordpress\/ -->\n<title>Corps of Marshals - Automobile Club de Monaco<\/title>\n<meta name=\"robots\" content=\"index, follow, max-snippet:-1, max-image-preview:large, max-video-preview:-1\" \/>\n<link rel=\"canonical\" href=\"https:\/\/acm.mc\/en\/automobile-club\/corps-of-marshals\/\" \/>\n<meta property=\"og:locale\" content=\"en_US\" \/>\n<meta property=\"og:type\" content=\"article\" \/>\n<meta property=\"og:title\" content=\"Corps of Marshals - Automobile Club de Monaco\" \/>\n<meta property=\"og:url\" content=\"https:\/\/acm.mc\/en\/automobile-club\/corps-of-marshals\/\" \/>\n<meta property=\"og:site_name\" content=\"Automobile Club de Monaco\" \/>\n<meta property=\"article:publisher\" content=\"https:\/\/www.facebook.com\/automobileclubmonacoMC\" \/>\n<meta property=\"article:modified_time\" content=\"2025-10-30T16:03:03+00:00\" \/>\n<meta property=\"og:image\" content=\"https:\/\/acm.mc\/wp-content\/uploads\/2024\/01\/banner-commissaires-jpg.webp\" \/>\n\t<meta property=\"og:image:width\" content=\"1500\" \/>\n\t<meta property=\"og:image:height\" content=\"1000\" \/>\n\t<meta property=\"og:image:type\" content=\"image\/jpeg\" \/>\n<meta name=\"twitter:card\" content=\"summary_large_image\" \/>\n<meta name=\"twitter:site\" content=\"@ACM_Media\" \/>\n<meta name=\"twitter:label1\" content=\"Est. reading time\" \/>\n\t<meta name=\"twitter:data1\" content=\"1 minute\" \/>\n<script type=\"application\/ld+json\" class=\"yoast-schema-graph\">{\"@context\":\"https:\\\/\\\/schema.org\",\"@graph\":[{\"@type\":\"WebPage\",\"@id\":\"https:\\\/\\\/acm.mc\\\/en\\\/automobile-club\\\/corps-of-marshals\\\/\",\"url\":\"https:\\\/\\\/acm.mc\\\/en\\\/automobile-club\\\/corps-of-marshals\\\/\",\"name\":\"Corps of Marshals - Automobile Club de Monaco\",\"isPartOf\":{\"@id\":\"https:\\\/\\\/acm.mc\\\/en\\\/#website\"},\"primaryImageOfPage\":{\"@id\":\"https:\\\/\\\/acm.mc\\\/en\\\/automobile-club\\\/corps-of-marshals\\\/#primaryimage\"},\"image\":{\"@id\":\"https:\\\/\\\/acm.mc\\\/en\\\/automobile-club\\\/corps-of-marshals\\\/#primaryimage\"},\"thumbnailUrl\":\"https:\\\/\\\/acm.mc\\\/wp-content\\\/uploads\\\/2024\\\/01\\\/banner-commissaires-jpg.webp\",\"datePublished\":\"2021-11-10T23:00:00+00:00\",\"dateModified\":\"2025-10-30T16:03:03+00:00\",\"breadcrumb\":{\"@id\":\"https:\\\/\\\/acm.mc\\\/en\\\/automobile-club\\\/corps-of-marshals\\\/#breadcrumb\"},\"inLanguage\":\"en-US\",\"potentialAction\":[{\"@type\":\"ReadAction\",\"target\":[\"https:\\\/\\\/acm.mc\\\/en\\\/automobile-club\\\/corps-of-marshals\\\/\"]}]},{\"@type\":\"ImageObject\",\"inLanguage\":\"en-US\",\"@id\":\"https:\\\/\\\/acm.mc\\\/en\\\/automobile-club\\\/corps-of-marshals\\\/#primaryimage\",\"url\":\"https:\\\/\\\/acm.mc\\\/wp-content\\\/uploads\\\/2024\\\/01\\\/banner-commissaires-jpg.webp\",\"contentUrl\":\"https:\\\/\\\/acm.mc\\\/wp-content\\\/uploads\\\/2024\\\/01\\\/banner-commissaires-jpg.webp\",\"width\":1500,\"height\":1000},{\"@type\":\"BreadcrumbList\",\"@id\":\"https:\\\/\\\/acm.mc\\\/en\\\/automobile-club\\\/corps-of-marshals\\\/#breadcrumb\",\"itemListElement\":[{\"@type\":\"ListItem\",\"position\":1,\"name\":\"Home\",\"item\":\"https:\\\/\\\/acm.mc\\\/en\\\/\"},{\"@type\":\"ListItem\",\"position\":2,\"name\":\"Automobile Club de Monaco\",\"item\":\"https:\\\/\\\/acm.mc\\\/en\\\/automobile-club\\\/\"},{\"@type\":\"ListItem\",\"position\":3,\"name\":\"Corps of Marshals\"}]},{\"@type\":\"WebSite\",\"@id\":\"https:\\\/\\\/acm.mc\\\/en\\\/#website\",\"url\":\"https:\\\/\\\/acm.mc\\\/en\\\/\",\"name\":\"Automobile Club de Monaco\",\"description\":\"Un site utilisant WordPress\",\"potentialAction\":[{\"@type\":\"SearchAction\",\"target\":{\"@type\":\"EntryPoint\",\"urlTemplate\":\"https:\\\/\\\/acm.mc\\\/en\\\/?s={search_term_string}\"},\"query-input\":{\"@type\":\"PropertyValueSpecification\",\"valueRequired\":true,\"valueName\":\"search_term_string\"}}],\"inLanguage\":\"en-US\"}]}<\/script>\n<!-- \/ Yoast SEO plugin. -->","yoast_head_json":{"title":"Corps of Marshals - Automobile Club de Monaco","robots":{"index":"index","follow":"follow","max-snippet":"max-snippet:-1","max-image-preview":"max-image-preview:large","max-video-preview":"max-video-preview:-1"},"canonical":"https:\/\/acm.mc\/en\/automobile-club\/corps-of-marshals\/","og_locale":"en_US","og_type":"article","og_title":"Corps of Marshals - Automobile Club de Monaco","og_url":"https:\/\/acm.mc\/en\/automobile-club\/corps-of-marshals\/","og_site_name":"Automobile Club de Monaco","article_publisher":"https:\/\/www.facebook.com\/automobileclubmonacoMC","article_modified_time":"2025-10-30T16:03:03+00:00","og_image":[{"width":1500,"height":1000,"url":"https:\/\/acm.mc\/wp-content\/uploads\/2024\/01\/banner-commissaires-jpg.webp","type":"image\/jpeg"}],"twitter_card":"summary_large_image","twitter_site":"@ACM_Media","twitter_misc":{"Est. reading time":"1 minute"},"schema":{"@context":"https:\/\/schema.org","@graph":[{"@type":"WebPage","@id":"https:\/\/acm.mc\/en\/automobile-club\/corps-of-marshals\/","url":"https:\/\/acm.mc\/en\/automobile-club\/corps-of-marshals\/","name":"Corps of Marshals - Automobile Club de Monaco","isPartOf":{"@id":"https:\/\/acm.mc\/en\/#website"},"primaryImageOfPage":{"@id":"https:\/\/acm.mc\/en\/automobile-club\/corps-of-marshals\/#primaryimage"},"image":{"@id":"https:\/\/acm.mc\/en\/automobile-club\/corps-of-marshals\/#primaryimage"},"thumbnailUrl":"https:\/\/acm.mc\/wp-content\/uploads\/2024\/01\/banner-commissaires-jpg.webp","datePublished":"2021-11-10T23:00:00+00:00","dateModified":"2025-10-30T16:03:03+00:00","breadcrumb":{"@id":"https:\/\/acm.mc\/en\/automobile-club\/corps-of-marshals\/#breadcrumb"},"inLanguage":"en-US","potentialAction":[{"@type":"ReadAction","target":["https:\/\/acm.mc\/en\/automobile-club\/corps-of-marshals\/"]}]},{"@type":"ImageObject","inLanguage":"en-US","@id":"https:\/\/acm.mc\/en\/automobile-club\/corps-of-marshals\/#primaryimage","url":"https:\/\/acm.mc\/wp-content\/uploads\/2024\/01\/banner-commissaires-jpg.webp","contentUrl":"https:\/\/acm.mc\/wp-content\/uploads\/2024\/01\/banner-commissaires-jpg.webp","width":1500,"height":1000},{"@type":"BreadcrumbList","@id":"https:\/\/acm.mc\/en\/automobile-club\/corps-of-marshals\/#breadcrumb","itemListElement":[{"@type":"ListItem","position":1,"name":"Home","item":"https:\/\/acm.mc\/en\/"},{"@type":"ListItem","position":2,"name":"Automobile Club de Monaco","item":"https:\/\/acm.mc\/en\/automobile-club\/"},{"@type":"ListItem","position":3,"name":"Corps of Marshals"}]},{"@type":"WebSite","@id":"https:\/\/acm.mc\/en\/#website","url":"https:\/\/acm.mc\/en\/","name":"Automobile Club de Monaco","description":"Un site utilisant WordPress","potentialAction":[{"@type":"SearchAction","target":{"@type":"EntryPoint","urlTemplate":"https:\/\/acm.mc\/en\/?s={search_term_string}"},"query-input":{"@type":"PropertyValueSpecification","valueRequired":true,"valueName":"search_term_string"}}],"inLanguage":"en-US"}]}},"_links":{"self":[{"href":"https:\/\/acm.mc\/en\/wp-json\/wp\/v2\/pages\/8704","targetHints":{"allow":["GET"]}}],"collection":[{"href":"https:\/\/acm.mc\/en\/wp-json\/wp\/v2\/pages"}],"about":[{"href":"https:\/\/acm.mc\/en\/wp-json\/wp\/v2\/types\/page"}],"author":[{"embeddable":true,"href":"https:\/\/acm.mc\/en\/wp-json\/wp\/v2\/users\/1"}],"replies":[{"embeddable":true,"href":"https:\/\/acm.mc\/en\/wp-json\/wp\/v2\/comments?post=8704"}],"version-history":[{"count":1,"href":"https:\/\/acm.mc\/en\/wp-json\/wp\/v2\/pages\/8704\/revisions"}],"predecessor-version":[{"id":10608744,"href":"https:\/\/acm.mc\/en\/wp-json\/wp\/v2\/pages\/8704\/revisions\/10608744"}],"up":[{"embeddable":true,"href":"https:\/\/acm.mc\/en\/wp-json\/wp\/v2\/pages\/8661"}],"wp:featuredmedia":[{"embeddable":true,"href":"https:\/\/acm.mc\/en\/wp-json\/wp\/v2\/media\/10595901"}],"wp:attachment":[{"href":"https:\/\/acm.mc\/en\/wp-json\/wp\/v2\/media?parent=8704"}],"wp:term":[{"taxonomy":"category","embeddable":true,"href":"https:\/\/acm.mc\/en\/wp-json\/wp\/v2\/categories?post=8704"}],"curies":[{"name":"wp","href":"https:\/\/api.w.org\/{rel}","templated":true}]}}