{"id":8705,"date":"2022-01-11T17:18:01","date_gmt":"2022-01-11T16:18:01","guid":{"rendered":"https:\/\/acm.mc\/automobile-club\/le-corps-des-commissaires\/devenir-commissaire-de-lacm\/"},"modified":"2025-12-15T09:32:46","modified_gmt":"2025-12-15T08:32:46","slug":"devenir-commissaire-de-lacm","status":"publish","type":"page","link":"https:\/\/acm.mc\/en\/automobile-club\/corps-of-marshals\/devenir-commissaire-de-lacm\/","title":{"rendered":"Devenir Commissaire"},"content":{"rendered":"","protected":false},"excerpt":{"rendered":"","protected":false},"author":1,"featured_media":0,"parent":8704,"menu_order":82,"comment_status":"closed","ping_status":"closed","template":"","meta":{"_acf_changed":false,"footnotes":""},"categories":[],"class_list":["post-8705","page","type-page","status-publish","hentry"],"acf":{"afficher_la_page_en_grise":false,"activer_la_redirection":false,"contenu_des_pages":[{"acf_fc_layout":"bloc-contenu","contenu":"<p>Vous \u00eates passionn\u00e9 par le sport automobile,<br \/>\nVous r\u00eavez de participer \u00e0 des \u00e9preuves de renomm\u00e9e mondiale,<br \/>\nVous avez l\u2019esprit d\u2019\u00e9quipe,<br \/>\nVous remplissez les\u00a0<a href=\"https:\/\/acm.mc\/wp-content\/uploads\/2023\/09\/ACM-CONDITIONS-DADMISSION-Version-du-04-09-2023.pdf\" target=\"_blank\" rel=\"noopener\">conditions d\u2019admission<\/a>,<\/p>\n<p>Les candidatures pour les \u00c9preuves 2026 sont d\u00e9sormais cl\u00f4tur\u00e9es.<br \/>\nRendez-vous en Septembre 2026 pour candidater aux \u00c9preuves 2027.<\/p>\n<p>Si vous avez d\u00e9pos\u00e9 votre dossier en ligne, votre candidature sera \u00e9tudi\u00e9e et vous serez recontact\u00e9 par email fin f\u00e9vrier 2026.<br \/>\nSi vous \u00eates retenu, vous serez convoqu\u00e9 \u00e0 une r\u00e9union de pr\u00e9sentation obligatoire le <strong>mardi 03 mars 2026, 19h30<\/strong>, \u00e0 Monaco.<br \/>\nLes stages de formation se tiendront les <strong>samedi 21<\/strong> et <strong>dimanche 22 mars 2026<\/strong> \u00e0 Monaco au chapiteau de Fontvieille.<br \/>\nLa r\u00e9union g\u00e9n\u00e9rale se tiendra le <strong>jeudi 02 avril 2026<\/strong> \u00e0 Monaco.<br \/>\nLa r\u00e9cup\u00e9ration du mat\u00e9riel se fera les <strong>vendredi 17<\/strong> et <strong>samedi 18 avril 2026<\/strong>.<\/p>\n<p>Si vous \u00eates d\u00e9j\u00e0 titulaire d\u2019une licence de Commissaire, dans une ASN autre que l\u2019Automobile Club de Monaco, merci de remplir ce formulaire.<br \/>\nLes inscriptions pour les Commissaires d\u00e9j\u00e0 licenci\u00e9s \u00e0 l\u2019\u00e9tranger restent possibles jusqu\u2019\u00e0 fin mars 2026.<\/p>\n<p><a class=\"cta\" href=\"https:\/\/docs.google.com\/forms\/d\/e\/1FAIpQLSfWVthytkyhtLG7xSXwmaUaZfxg6mk8IavlhjN0pYbRS36VFA\/viewform?usp=dialog\" target=\"_blank\" rel=\"noopener\">Formulaire<\/a><\/p>\n<p>Si vous avez besoin de renseignements compl\u00e9mentaires, vous pouvez contacter par t\u00e9l\u00e9phone le Secr\u00e9tariat du Corps des Commissaires au :<br \/>\n<strong>(+377) 93 15 26 40 <\/strong>ou au<strong> (+377) 93 15 26 84<\/strong><\/p>\n"}],"icone_quick_link":""},"yoast_head":"<!-- This site is optimized with the Yoast SEO plugin v27.4 - https:\/\/yoast.com\/product\/yoast-seo-wordpress\/ -->\n<title>Devenir Commissaire - Automobile Club de Monaco<\/title>\n<meta name=\"robots\" content=\"index, follow, max-snippet:-1, max-image-preview:large, max-video-preview:-1\" \/>\n<link rel=\"canonical\" href=\"https:\/\/acm.mc\/en\/automobile-club\/corps-of-marshals\/devenir-commissaire-de-lacm\/\" \/>\n<meta property=\"og:locale\" content=\"en_US\" \/>\n<meta property=\"og:type\" content=\"article\" \/>\n<meta property=\"og:title\" content=\"Devenir Commissaire - Automobile Club de Monaco\" \/>\n<meta property=\"og:url\" content=\"https:\/\/acm.mc\/en\/automobile-club\/corps-of-marshals\/devenir-commissaire-de-lacm\/\" \/>\n<meta property=\"og:site_name\" content=\"Automobile Club de Monaco\" \/>\n<meta property=\"article:publisher\" content=\"https:\/\/www.facebook.com\/automobileclubmonacoMC\" \/>\n<meta property=\"article:modified_time\" content=\"2025-12-15T08:32:46+00:00\" \/>\n<meta name=\"twitter:card\" content=\"summary_large_image\" \/>\n<meta name=\"twitter:site\" content=\"@ACM_Media\" \/>\n<script type=\"application\/ld+json\" class=\"yoast-schema-graph\">{\"@context\":\"https:\\\/\\\/schema.org\",\"@graph\":[{\"@type\":\"WebPage\",\"@id\":\"https:\\\/\\\/acm.mc\\\/en\\\/automobile-club\\\/corps-of-marshals\\\/devenir-commissaire-de-lacm\\\/\",\"url\":\"https:\\\/\\\/acm.mc\\\/en\\\/automobile-club\\\/corps-of-marshals\\\/devenir-commissaire-de-lacm\\\/\",\"name\":\"Devenir Commissaire - Automobile Club de Monaco\",\"isPartOf\":{\"@id\":\"https:\\\/\\\/acm.mc\\\/en\\\/#website\"},\"datePublished\":\"2022-01-11T16:18:01+00:00\",\"dateModified\":\"2025-12-15T08:32:46+00:00\",\"breadcrumb\":{\"@id\":\"https:\\\/\\\/acm.mc\\\/en\\\/automobile-club\\\/corps-of-marshals\\\/devenir-commissaire-de-lacm\\\/#breadcrumb\"},\"inLanguage\":\"en-US\",\"potentialAction\":[{\"@type\":\"ReadAction\",\"target\":[\"https:\\\/\\\/acm.mc\\\/en\\\/automobile-club\\\/corps-of-marshals\\\/devenir-commissaire-de-lacm\\\/\"]}]},{\"@type\":\"BreadcrumbList\",\"@id\":\"https:\\\/\\\/acm.mc\\\/en\\\/automobile-club\\\/corps-of-marshals\\\/devenir-commissaire-de-lacm\\\/#breadcrumb\",\"itemListElement\":[{\"@type\":\"ListItem\",\"position\":1,\"name\":\"Home\",\"item\":\"https:\\\/\\\/acm.mc\\\/en\\\/\"},{\"@type\":\"ListItem\",\"position\":2,\"name\":\"Automobile Club de Monaco\",\"item\":\"https:\\\/\\\/acm.mc\\\/en\\\/automobile-club\\\/\"},{\"@type\":\"ListItem\",\"position\":3,\"name\":\"Corps of Marshals\",\"item\":\"https:\\\/\\\/acm.mc\\\/en\\\/automobile-club\\\/corps-of-marshals\\\/\"},{\"@type\":\"ListItem\",\"position\":4,\"name\":\"Devenir Commissaire\"}]},{\"@type\":\"WebSite\",\"@id\":\"https:\\\/\\\/acm.mc\\\/en\\\/#website\",\"url\":\"https:\\\/\\\/acm.mc\\\/en\\\/\",\"name\":\"Automobile Club de Monaco\",\"description\":\"Un site utilisant WordPress\",\"potentialAction\":[{\"@type\":\"SearchAction\",\"target\":{\"@type\":\"EntryPoint\",\"urlTemplate\":\"https:\\\/\\\/acm.mc\\\/en\\\/?s={search_term_string}\"},\"query-input\":{\"@type\":\"PropertyValueSpecification\",\"valueRequired\":true,\"valueName\":\"search_term_string\"}}],\"inLanguage\":\"en-US\"}]}<\/script>\n<!-- \/ Yoast SEO plugin. -->","yoast_head_json":{"title":"Devenir Commissaire - Automobile Club de Monaco","robots":{"index":"index","follow":"follow","max-snippet":"max-snippet:-1","max-image-preview":"max-image-preview:large","max-video-preview":"max-video-preview:-1"},"canonical":"https:\/\/acm.mc\/en\/automobile-club\/corps-of-marshals\/devenir-commissaire-de-lacm\/","og_locale":"en_US","og_type":"article","og_title":"Devenir Commissaire - Automobile Club de Monaco","og_url":"https:\/\/acm.mc\/en\/automobile-club\/corps-of-marshals\/devenir-commissaire-de-lacm\/","og_site_name":"Automobile Club de Monaco","article_publisher":"https:\/\/www.facebook.com\/automobileclubmonacoMC","article_modified_time":"2025-12-15T08:32:46+00:00","twitter_card":"summary_large_image","twitter_site":"@ACM_Media","schema":{"@context":"https:\/\/schema.org","@graph":[{"@type":"WebPage","@id":"https:\/\/acm.mc\/en\/automobile-club\/corps-of-marshals\/devenir-commissaire-de-lacm\/","url":"https:\/\/acm.mc\/en\/automobile-club\/corps-of-marshals\/devenir-commissaire-de-lacm\/","name":"Devenir Commissaire - Automobile Club de Monaco","isPartOf":{"@id":"https:\/\/acm.mc\/en\/#website"},"datePublished":"2022-01-11T16:18:01+00:00","dateModified":"2025-12-15T08:32:46+00:00","breadcrumb":{"@id":"https:\/\/acm.mc\/en\/automobile-club\/corps-of-marshals\/devenir-commissaire-de-lacm\/#breadcrumb"},"inLanguage":"en-US","potentialAction":[{"@type":"ReadAction","target":["https:\/\/acm.mc\/en\/automobile-club\/corps-of-marshals\/devenir-commissaire-de-lacm\/"]}]},{"@type":"BreadcrumbList","@id":"https:\/\/acm.mc\/en\/automobile-club\/corps-of-marshals\/devenir-commissaire-de-lacm\/#breadcrumb","itemListElement":[{"@type":"ListItem","position":1,"name":"Home","item":"https:\/\/acm.mc\/en\/"},{"@type":"ListItem","position":2,"name":"Automobile Club de Monaco","item":"https:\/\/acm.mc\/en\/automobile-club\/"},{"@type":"ListItem","position":3,"name":"Corps of Marshals","item":"https:\/\/acm.mc\/en\/automobile-club\/corps-of-marshals\/"},{"@type":"ListItem","position":4,"name":"Devenir Commissaire"}]},{"@type":"WebSite","@id":"https:\/\/acm.mc\/en\/#website","url":"https:\/\/acm.mc\/en\/","name":"Automobile Club de Monaco","description":"Un site utilisant WordPress","potentialAction":[{"@type":"SearchAction","target":{"@type":"EntryPoint","urlTemplate":"https:\/\/acm.mc\/en\/?s={search_term_string}"},"query-input":{"@type":"PropertyValueSpecification","valueRequired":true,"valueName":"search_term_string"}}],"inLanguage":"en-US"}]}},"_links":{"self":[{"href":"https:\/\/acm.mc\/en\/wp-json\/wp\/v2\/pages\/8705","targetHints":{"allow":["GET"]}}],"collection":[{"href":"https:\/\/acm.mc\/en\/wp-json\/wp\/v2\/pages"}],"about":[{"href":"https:\/\/acm.mc\/en\/wp-json\/wp\/v2\/types\/page"}],"author":[{"embeddable":true,"href":"https:\/\/acm.mc\/en\/wp-json\/wp\/v2\/users\/1"}],"replies":[{"embeddable":true,"href":"https:\/\/acm.mc\/en\/wp-json\/wp\/v2\/comments?post=8705"}],"version-history":[{"count":3,"href":"https:\/\/acm.mc\/en\/wp-json\/wp\/v2\/pages\/8705\/revisions"}],"predecessor-version":[{"id":10614307,"href":"https:\/\/acm.mc\/en\/wp-json\/wp\/v2\/pages\/8705\/revisions\/10614307"}],"up":[{"embeddable":true,"href":"https:\/\/acm.mc\/en\/wp-json\/wp\/v2\/pages\/8704"}],"wp:attachment":[{"href":"https:\/\/acm.mc\/en\/wp-json\/wp\/v2\/media?parent=8705"}],"wp:term":[{"taxonomy":"category","embeddable":true,"href":"https:\/\/acm.mc\/en\/wp-json\/wp\/v2\/categories?post=8705"}],"curies":[{"name":"wp","href":"https:\/\/api.w.org\/{rel}","templated":true}]}}