{"id":8707,"date":"2022-01-11T17:14:14","date_gmt":"2022-01-11T16:14:14","guid":{"rendered":"https:\/\/acm.mc\/automobile-club\/le-corps-des-commissaires\/le-corps-des-commissaires\/presentation\/"},"modified":"2022-01-11T17:14:14","modified_gmt":"2022-01-11T16:14:14","slug":"presentation","status":"publish","type":"page","link":"https:\/\/acm.mc\/en\/automobile-club\/corps-of-marshals\/le-corps-des-commissaires\/presentation\/","title":{"rendered":"Pr\u00e9sentation"},"content":{"rendered":"","protected":false},"excerpt":{"rendered":"","protected":false},"author":1,"featured_media":0,"parent":8706,"menu_order":34,"comment_status":"closed","ping_status":"closed","template":"","meta":{"_acf_changed":false,"footnotes":""},"categories":[],"class_list":["post-8707","page","type-page","status-publish","hentry"],"acf":{"icone_quick_link":"","afficher_la_page_en_grise":false,"activer_la_redirection":false,"contenu_des_pages":[{"acf_fc_layout":"bloc-contenu","contenu":"<p>Le circuit de Monaco a b\u00e2ti sa renomm\u00e9e internationale sur des particularit\u00e9s : un trac\u00e9 urbain, jonch\u00e9 d\u2019obstacles, (rails de s\u00e9curit\u00e9, grillages, immeubles, trottoirs, etc.) alors que les autres circuits sont \u00e0 l\u2019ext\u00e9rieur des villes bien souvent en rase campagne et sont d\u00e9di\u00e9s uniquement aux courses automobiles ; le circuit de Monaco cultive cette diff\u00e9rence, laquelle concourt \u00e0 sa renomm\u00e9e qui en fait un lieu unique dans le monde des grands prix de F1.<\/p>\n<p>D\u00e8s la cr\u00e9ation du 1<sup>er<\/sup> Grand Prix Automobile de Monaco , le 14 avril 1929, des commissaires \u0153uvrent autour du circuit veillant au bon d\u00e9roulement de l\u2019\u00e9preuve. Recrut\u00e9s sur la base du volontariat parmi les membres de l\u2019Automobile Club de Monaco , on les reconnait au brassard en cuir qu\u2019ils arborent sur le bras gauche.<\/p>\n<p>Mais en 1972, lorsqu\u2019il prend ses fonctions de \u00ab Pr\u00e9sident de l\u2019Automobile Club de Monaco \u00bb, Ma\u00eetre Michel Boeri \u2013 qui a \u00e9t\u00e9 commissaire de piste et assist\u00e9 \u00e0 l\u2019accident de Lorenzo Bandini en 1967 \u2013 instaure la cr\u00e9ation d\u2019un corps des commissaires de piste tr\u00e8s structur\u00e9.<\/p>\n<p>Pour cela, il fait appel \u00e0 des personnes d\u2019exp\u00e9rience et cr\u00e9e le \u00ab Coll\u00e8ge des Commissaires \u00bb avec \u00e0 sa t\u00eate un Pr\u00e9sident de Coll\u00e8ge, Eug\u00e8ne Gastaud entour\u00e9 de 6 membres. Jusqu\u2019en 1974, les commissaires exercent leur activit\u00e9 en civil, on les reconnait gr\u00e2ce \u00e0 la chasuble de couleur orange qu\u2019ils portent.<\/p>\n<p>D\u00e8s 1975, tous les commissaires sont \u00e9quip\u00e9s de combinaison de couleur orange. Il n\u2019y a pas encore de voiture de s\u00e9curit\u00e9 et lors d\u2019incidents importants sur la piste, ce sont les commissaires qui interviennent directement tandis que les bolides tournent.<\/p>\n<p>Une fois l\u2019hiver venu, les commissaires de l\u2019ACM remisent leurs combinaisons oranges, rendues c\u00e9l\u00e8bres au travers des retransmissions t\u00e9l\u00e9vis\u00e9es du Grand Prix de Monaco F1, pour enfiler leur pull et leur blouson rouges pour lors des \u00e9preuves routi\u00e8res (Rallye Automobiles Monte-Carlo, Rallye Monte-Carlo Historique et e-Rallye Monte-Carlo).<\/p>\n<p>Les commissaires de l\u2019ACM sont pr\u00e9sents sur ces \u00e9preuves, avec leur passion et leur d\u00e9vouement, toujours b\u00e9n\u00e9voles dans leur engagement mais professionnels dans l\u2019ex\u00e9cution de leurs missions, qui r\u00e9clament maintenant des connaissances techniques nouvelles (informatique, GPS\u2026) et r\u00e8glementaires approfondies. Et toujours une bonne r\u00e9sistance physique et un esprit \u00ab club et d\u2019\u00e9quipe \u00bb renforc\u00e9.<\/p>\n<p>Ce sont presque toujours les m\u00eames que l\u2019on retrouve sur la piste et sur la route.<br \/>\nIls sont toujours form\u00e9s et encadr\u00e9s par le \u00ab Coll\u00e8ge des Commissaires \u00bb devenu depuis quelques ann\u00e9es le \u00ab Commandement du Corps des Commissaires \u00bb.<\/p>\n<p>Ils sont rest\u00e9s fid\u00e8les \u00e0 leur devise : \u00ab Oser et Servir \u00bb<\/p>\n"}]},"yoast_head":"<!-- This site is optimized with the Yoast SEO plugin v27.4 - https:\/\/yoast.com\/product\/yoast-seo-wordpress\/ -->\n<title>Pr\u00e9sentation - Automobile Club de Monaco<\/title>\n<meta name=\"robots\" content=\"index, follow, max-snippet:-1, max-image-preview:large, max-video-preview:-1\" \/>\n<link rel=\"canonical\" href=\"https:\/\/acm.mc\/en\/automobile-club\/corps-of-marshals\/le-corps-des-commissaires\/presentation\/\" \/>\n<meta property=\"og:locale\" content=\"en_US\" \/>\n<meta property=\"og:type\" content=\"article\" \/>\n<meta property=\"og:title\" content=\"Pr\u00e9sentation - Automobile Club de Monaco\" \/>\n<meta property=\"og:url\" content=\"https:\/\/acm.mc\/en\/automobile-club\/corps-of-marshals\/le-corps-des-commissaires\/presentation\/\" \/>\n<meta property=\"og:site_name\" content=\"Automobile Club de Monaco\" \/>\n<meta property=\"article:publisher\" content=\"https:\/\/www.facebook.com\/automobileclubmonacoMC\" \/>\n<meta name=\"twitter:card\" content=\"summary_large_image\" \/>\n<meta name=\"twitter:site\" content=\"@ACM_Media\" \/>\n<script type=\"application\/ld+json\" class=\"yoast-schema-graph\">{\"@context\":\"https:\\\/\\\/schema.org\",\"@graph\":[{\"@type\":\"WebPage\",\"@id\":\"https:\\\/\\\/acm.mc\\\/en\\\/automobile-club\\\/corps-of-marshals\\\/le-corps-des-commissaires\\\/presentation\\\/\",\"url\":\"https:\\\/\\\/acm.mc\\\/en\\\/automobile-club\\\/corps-of-marshals\\\/le-corps-des-commissaires\\\/presentation\\\/\",\"name\":\"Pr\u00e9sentation - Automobile Club de Monaco\",\"isPartOf\":{\"@id\":\"https:\\\/\\\/acm.mc\\\/en\\\/#website\"},\"datePublished\":\"2022-01-11T16:14:14+00:00\",\"breadcrumb\":{\"@id\":\"https:\\\/\\\/acm.mc\\\/en\\\/automobile-club\\\/corps-of-marshals\\\/le-corps-des-commissaires\\\/presentation\\\/#breadcrumb\"},\"inLanguage\":\"en-US\",\"potentialAction\":[{\"@type\":\"ReadAction\",\"target\":[\"https:\\\/\\\/acm.mc\\\/en\\\/automobile-club\\\/corps-of-marshals\\\/le-corps-des-commissaires\\\/presentation\\\/\"]}]},{\"@type\":\"BreadcrumbList\",\"@id\":\"https:\\\/\\\/acm.mc\\\/en\\\/automobile-club\\\/corps-of-marshals\\\/le-corps-des-commissaires\\\/presentation\\\/#breadcrumb\",\"itemListElement\":[{\"@type\":\"ListItem\",\"position\":1,\"name\":\"Home\",\"item\":\"https:\\\/\\\/acm.mc\\\/en\\\/homepage-2\\\/\"},{\"@type\":\"ListItem\",\"position\":2,\"name\":\"Automobile Club de Monaco\",\"item\":\"https:\\\/\\\/acm.mc\\\/en\\\/automobile-club\\\/\"},{\"@type\":\"ListItem\",\"position\":3,\"name\":\"Corps of Marshals\",\"item\":\"https:\\\/\\\/acm.mc\\\/en\\\/automobile-club\\\/corps-of-marshals\\\/\"},{\"@type\":\"ListItem\",\"position\":4,\"name\":\"Le Corps des Commissaires\",\"item\":\"https:\\\/\\\/acm.mc\\\/en\\\/automobile-club\\\/corps-of-marshals\\\/le-corps-des-commissaires\\\/\"},{\"@type\":\"ListItem\",\"position\":5,\"name\":\"Pr\u00e9sentation\"}]},{\"@type\":\"WebSite\",\"@id\":\"https:\\\/\\\/acm.mc\\\/en\\\/#website\",\"url\":\"https:\\\/\\\/acm.mc\\\/en\\\/\",\"name\":\"Automobile Club de Monaco\",\"description\":\"Un site utilisant WordPress\",\"potentialAction\":[{\"@type\":\"SearchAction\",\"target\":{\"@type\":\"EntryPoint\",\"urlTemplate\":\"https:\\\/\\\/acm.mc\\\/en\\\/?s={search_term_string}\"},\"query-input\":{\"@type\":\"PropertyValueSpecification\",\"valueRequired\":true,\"valueName\":\"search_term_string\"}}],\"inLanguage\":\"en-US\"}]}<\/script>\n<!-- \/ Yoast SEO plugin. -->","yoast_head_json":{"title":"Pr\u00e9sentation - Automobile Club de Monaco","robots":{"index":"index","follow":"follow","max-snippet":"max-snippet:-1","max-image-preview":"max-image-preview:large","max-video-preview":"max-video-preview:-1"},"canonical":"https:\/\/acm.mc\/en\/automobile-club\/corps-of-marshals\/le-corps-des-commissaires\/presentation\/","og_locale":"en_US","og_type":"article","og_title":"Pr\u00e9sentation - Automobile Club de Monaco","og_url":"https:\/\/acm.mc\/en\/automobile-club\/corps-of-marshals\/le-corps-des-commissaires\/presentation\/","og_site_name":"Automobile Club de Monaco","article_publisher":"https:\/\/www.facebook.com\/automobileclubmonacoMC","twitter_card":"summary_large_image","twitter_site":"@ACM_Media","schema":{"@context":"https:\/\/schema.org","@graph":[{"@type":"WebPage","@id":"https:\/\/acm.mc\/en\/automobile-club\/corps-of-marshals\/le-corps-des-commissaires\/presentation\/","url":"https:\/\/acm.mc\/en\/automobile-club\/corps-of-marshals\/le-corps-des-commissaires\/presentation\/","name":"Pr\u00e9sentation - Automobile Club de Monaco","isPartOf":{"@id":"https:\/\/acm.mc\/en\/#website"},"datePublished":"2022-01-11T16:14:14+00:00","breadcrumb":{"@id":"https:\/\/acm.mc\/en\/automobile-club\/corps-of-marshals\/le-corps-des-commissaires\/presentation\/#breadcrumb"},"inLanguage":"en-US","potentialAction":[{"@type":"ReadAction","target":["https:\/\/acm.mc\/en\/automobile-club\/corps-of-marshals\/le-corps-des-commissaires\/presentation\/"]}]},{"@type":"BreadcrumbList","@id":"https:\/\/acm.mc\/en\/automobile-club\/corps-of-marshals\/le-corps-des-commissaires\/presentation\/#breadcrumb","itemListElement":[{"@type":"ListItem","position":1,"name":"Home","item":"https:\/\/acm.mc\/en\/homepage-2\/"},{"@type":"ListItem","position":2,"name":"Automobile Club de Monaco","item":"https:\/\/acm.mc\/en\/automobile-club\/"},{"@type":"ListItem","position":3,"name":"Corps of Marshals","item":"https:\/\/acm.mc\/en\/automobile-club\/corps-of-marshals\/"},{"@type":"ListItem","position":4,"name":"Le Corps des Commissaires","item":"https:\/\/acm.mc\/en\/automobile-club\/corps-of-marshals\/le-corps-des-commissaires\/"},{"@type":"ListItem","position":5,"name":"Pr\u00e9sentation"}]},{"@type":"WebSite","@id":"https:\/\/acm.mc\/en\/#website","url":"https:\/\/acm.mc\/en\/","name":"Automobile Club de Monaco","description":"Un site utilisant WordPress","potentialAction":[{"@type":"SearchAction","target":{"@type":"EntryPoint","urlTemplate":"https:\/\/acm.mc\/en\/?s={search_term_string}"},"query-input":{"@type":"PropertyValueSpecification","valueRequired":true,"valueName":"search_term_string"}}],"inLanguage":"en-US"}]}},"_links":{"self":[{"href":"https:\/\/acm.mc\/en\/wp-json\/wp\/v2\/pages\/8707","targetHints":{"allow":["GET"]}}],"collection":[{"href":"https:\/\/acm.mc\/en\/wp-json\/wp\/v2\/pages"}],"about":[{"href":"https:\/\/acm.mc\/en\/wp-json\/wp\/v2\/types\/page"}],"author":[{"embeddable":true,"href":"https:\/\/acm.mc\/en\/wp-json\/wp\/v2\/users\/1"}],"replies":[{"embeddable":true,"href":"https:\/\/acm.mc\/en\/wp-json\/wp\/v2\/comments?post=8707"}],"version-history":[{"count":0,"href":"https:\/\/acm.mc\/en\/wp-json\/wp\/v2\/pages\/8707\/revisions"}],"up":[{"embeddable":true,"href":"https:\/\/acm.mc\/en\/wp-json\/wp\/v2\/pages\/8706"}],"wp:attachment":[{"href":"https:\/\/acm.mc\/en\/wp-json\/wp\/v2\/media?parent=8707"}],"wp:term":[{"taxonomy":"category","embeddable":true,"href":"https:\/\/acm.mc\/en\/wp-json\/wp\/v2\/categories?post=8707"}],"curies":[{"name":"wp","href":"https:\/\/api.w.org\/{rel}","templated":true}]}}