{"id":8708,"date":"2022-01-11T17:15:00","date_gmt":"2022-01-11T16:15:00","guid":{"rendered":"https:\/\/acm.mc\/automobile-club\/le-corps-des-commissaires\/le-corps-des-commissaires\/encadrement\/"},"modified":"2025-06-18T19:30:30","modified_gmt":"2025-06-18T17:30:30","slug":"encadrement","status":"publish","type":"page","link":"https:\/\/acm.mc\/en\/automobile-club\/corps-of-marshals\/le-corps-des-commissaires\/encadrement\/","title":{"rendered":"Encadrement"},"content":{"rendered":"","protected":false},"excerpt":{"rendered":"","protected":false},"author":1,"featured_media":0,"parent":8706,"menu_order":86,"comment_status":"closed","ping_status":"closed","template":"","meta":{"_acf_changed":false,"footnotes":""},"categories":[],"class_list":["post-8708","page","type-page","status-publish","hentry"],"acf":{"contenu_des_pages":[{"acf_fc_layout":"bloc-contenu","contenu":"<p><strong>Michel Boeri, Pr\u00e9sident de l\u2019Automobile Club de Monaco, a plac\u00e9 le Corps des Commissaires, bras arm\u00e9 du Club pour l\u2019organisation sportive des \u00e9preuves, sous l\u2019autorit\u00e9 d&#8217;Eric Barrabino, Commissaire G\u00e9n\u00e9ral.<\/strong><\/p>\n<p>Le r\u00f4le de Commissaire G\u00e9n\u00e9ral Adjoint en charge du Corps des Commissaires est confi\u00e9 \u00e0 Christophe Fabri, sur d\u00e9cision du bureau directeur de l\u2019ACM du 12 juin 2025.<\/p>\n<p>Nomm\u00e9 par le Pr\u00e9sident de l\u2019Automobile Club de Monaco, le Commandement du Corps des Commissaires est compos\u00e9 par des membres d\u2019exp\u00e9rience, ayant exerc\u00e9 ou exer\u00e7ant des responsabilit\u00e9s sportives dans le Club, ainsi que par des Chefs de Poste (Grand Prix et Rallye) en activit\u00e9.<\/p>\n<p>Le dit Commandement assure les missions et responsabilit\u00e9s suivantes :<\/p>\n<ul>\n<li>Recrutement, accueil, encadrement,<\/li>\n<li>Animation et motivation,<\/li>\n<li>Formations initiales et permanentes, adaptation aux nouveaut\u00e9s technologiques, aux changements de r\u00e8glementation,<\/li>\n<li>Pr\u00e9paration, organisation et suivi de la bonne ex\u00e9cution des t\u00e2ches confi\u00e9es lors des \u00e9preuves organis\u00e9es par l\u2019ACM,<\/li>\n<li>R\u00e9flexion sur des th\u00e8mes, techniques ou organisations futures,<\/li>\n<li>Coordination avec les autres commissions et sections de l\u2019ACM.<\/li>\n<\/ul>\n<p>&nbsp;<\/p>\n<p>Organigramme ci-dessous du\u00a0<strong>Commandement du Corps des Commissaires<\/strong> :<\/p>\n<p><img decoding=\"async\" class=\"alignnone size-full wp-image-10607235\" src=\"https:\/\/acm.mc\/wp-content\/uploads\/2025\/06\/Commandement-v06.2025.jpg\" alt=\"\" width=\"1081\" height=\"1475\" srcset=\"https:\/\/acm.mc\/wp-content\/uploads\/2025\/06\/Commandement-v06.2025.jpg 1081w, https:\/\/acm.mc\/wp-content\/uploads\/2025\/06\/Commandement-v06.2025-220x300.jpg 220w, https:\/\/acm.mc\/wp-content\/uploads\/2025\/06\/Commandement-v06.2025-750x1024.jpg 750w, https:\/\/acm.mc\/wp-content\/uploads\/2025\/06\/Commandement-v06.2025-768x1048.jpg 768w\" sizes=\"(max-width: 1081px) 100vw, 1081px\" \/><\/p>\n"}],"afficher_la_page_en_grise":false,"activer_la_redirection":false,"icone_quick_link":"<i class=\"fas fa-list\" aria-hidden=\"true\"><\/i>"},"yoast_head":"<!-- This site is optimized with the Yoast SEO plugin v27.5 - https:\/\/yoast.com\/product\/yoast-seo-wordpress\/ -->\n<title>Encadrement - Automobile Club de Monaco<\/title>\n<meta name=\"robots\" content=\"index, follow, max-snippet:-1, max-image-preview:large, max-video-preview:-1\" \/>\n<link rel=\"canonical\" href=\"https:\/\/acm.mc\/en\/automobile-club\/corps-of-marshals\/le-corps-des-commissaires\/encadrement\/\" \/>\n<meta property=\"og:locale\" content=\"en_US\" \/>\n<meta property=\"og:type\" content=\"article\" \/>\n<meta property=\"og:title\" content=\"Encadrement - Automobile Club de Monaco\" \/>\n<meta property=\"og:url\" content=\"https:\/\/acm.mc\/en\/automobile-club\/corps-of-marshals\/le-corps-des-commissaires\/encadrement\/\" \/>\n<meta property=\"og:site_name\" content=\"Automobile Club de Monaco\" \/>\n<meta property=\"article:publisher\" content=\"https:\/\/www.facebook.com\/automobileclubmonacoMC\" \/>\n<meta property=\"article:modified_time\" content=\"2025-06-18T17:30:30+00:00\" \/>\n<meta name=\"twitter:card\" content=\"summary_large_image\" \/>\n<meta name=\"twitter:site\" content=\"@ACM_Media\" \/>\n<script type=\"application\/ld+json\" class=\"yoast-schema-graph\">{\"@context\":\"https:\\\/\\\/schema.org\",\"@graph\":[{\"@type\":\"WebPage\",\"@id\":\"https:\\\/\\\/acm.mc\\\/en\\\/automobile-club\\\/corps-of-marshals\\\/le-corps-des-commissaires\\\/encadrement\\\/\",\"url\":\"https:\\\/\\\/acm.mc\\\/en\\\/automobile-club\\\/corps-of-marshals\\\/le-corps-des-commissaires\\\/encadrement\\\/\",\"name\":\"Encadrement - Automobile Club de Monaco\",\"isPartOf\":{\"@id\":\"https:\\\/\\\/acm.mc\\\/en\\\/#website\"},\"datePublished\":\"2022-01-11T16:15:00+00:00\",\"dateModified\":\"2025-06-18T17:30:30+00:00\",\"breadcrumb\":{\"@id\":\"https:\\\/\\\/acm.mc\\\/en\\\/automobile-club\\\/corps-of-marshals\\\/le-corps-des-commissaires\\\/encadrement\\\/#breadcrumb\"},\"inLanguage\":\"en-US\",\"potentialAction\":[{\"@type\":\"ReadAction\",\"target\":[\"https:\\\/\\\/acm.mc\\\/en\\\/automobile-club\\\/corps-of-marshals\\\/le-corps-des-commissaires\\\/encadrement\\\/\"]}]},{\"@type\":\"BreadcrumbList\",\"@id\":\"https:\\\/\\\/acm.mc\\\/en\\\/automobile-club\\\/corps-of-marshals\\\/le-corps-des-commissaires\\\/encadrement\\\/#breadcrumb\",\"itemListElement\":[{\"@type\":\"ListItem\",\"position\":1,\"name\":\"Home\",\"item\":\"https:\\\/\\\/acm.mc\\\/en\\\/\"},{\"@type\":\"ListItem\",\"position\":2,\"name\":\"Automobile Club de Monaco\",\"item\":\"https:\\\/\\\/acm.mc\\\/en\\\/automobile-club\\\/\"},{\"@type\":\"ListItem\",\"position\":3,\"name\":\"Corps of Marshals\",\"item\":\"https:\\\/\\\/acm.mc\\\/en\\\/automobile-club\\\/corps-of-marshals\\\/\"},{\"@type\":\"ListItem\",\"position\":4,\"name\":\"Le Corps des Commissaires\",\"item\":\"https:\\\/\\\/acm.mc\\\/en\\\/automobile-club\\\/corps-of-marshals\\\/le-corps-des-commissaires\\\/\"},{\"@type\":\"ListItem\",\"position\":5,\"name\":\"Encadrement\"}]},{\"@type\":\"WebSite\",\"@id\":\"https:\\\/\\\/acm.mc\\\/en\\\/#website\",\"url\":\"https:\\\/\\\/acm.mc\\\/en\\\/\",\"name\":\"Automobile Club de Monaco\",\"description\":\"Un site utilisant WordPress\",\"potentialAction\":[{\"@type\":\"SearchAction\",\"target\":{\"@type\":\"EntryPoint\",\"urlTemplate\":\"https:\\\/\\\/acm.mc\\\/en\\\/?s={search_term_string}\"},\"query-input\":{\"@type\":\"PropertyValueSpecification\",\"valueRequired\":true,\"valueName\":\"search_term_string\"}}],\"inLanguage\":\"en-US\"}]}<\/script>\n<!-- \/ Yoast SEO plugin. -->","yoast_head_json":{"title":"Encadrement - Automobile Club de Monaco","robots":{"index":"index","follow":"follow","max-snippet":"max-snippet:-1","max-image-preview":"max-image-preview:large","max-video-preview":"max-video-preview:-1"},"canonical":"https:\/\/acm.mc\/en\/automobile-club\/corps-of-marshals\/le-corps-des-commissaires\/encadrement\/","og_locale":"en_US","og_type":"article","og_title":"Encadrement - Automobile Club de Monaco","og_url":"https:\/\/acm.mc\/en\/automobile-club\/corps-of-marshals\/le-corps-des-commissaires\/encadrement\/","og_site_name":"Automobile Club de Monaco","article_publisher":"https:\/\/www.facebook.com\/automobileclubmonacoMC","article_modified_time":"2025-06-18T17:30:30+00:00","twitter_card":"summary_large_image","twitter_site":"@ACM_Media","schema":{"@context":"https:\/\/schema.org","@graph":[{"@type":"WebPage","@id":"https:\/\/acm.mc\/en\/automobile-club\/corps-of-marshals\/le-corps-des-commissaires\/encadrement\/","url":"https:\/\/acm.mc\/en\/automobile-club\/corps-of-marshals\/le-corps-des-commissaires\/encadrement\/","name":"Encadrement - Automobile Club de Monaco","isPartOf":{"@id":"https:\/\/acm.mc\/en\/#website"},"datePublished":"2022-01-11T16:15:00+00:00","dateModified":"2025-06-18T17:30:30+00:00","breadcrumb":{"@id":"https:\/\/acm.mc\/en\/automobile-club\/corps-of-marshals\/le-corps-des-commissaires\/encadrement\/#breadcrumb"},"inLanguage":"en-US","potentialAction":[{"@type":"ReadAction","target":["https:\/\/acm.mc\/en\/automobile-club\/corps-of-marshals\/le-corps-des-commissaires\/encadrement\/"]}]},{"@type":"BreadcrumbList","@id":"https:\/\/acm.mc\/en\/automobile-club\/corps-of-marshals\/le-corps-des-commissaires\/encadrement\/#breadcrumb","itemListElement":[{"@type":"ListItem","position":1,"name":"Home","item":"https:\/\/acm.mc\/en\/"},{"@type":"ListItem","position":2,"name":"Automobile Club de Monaco","item":"https:\/\/acm.mc\/en\/automobile-club\/"},{"@type":"ListItem","position":3,"name":"Corps of Marshals","item":"https:\/\/acm.mc\/en\/automobile-club\/corps-of-marshals\/"},{"@type":"ListItem","position":4,"name":"Le Corps des Commissaires","item":"https:\/\/acm.mc\/en\/automobile-club\/corps-of-marshals\/le-corps-des-commissaires\/"},{"@type":"ListItem","position":5,"name":"Encadrement"}]},{"@type":"WebSite","@id":"https:\/\/acm.mc\/en\/#website","url":"https:\/\/acm.mc\/en\/","name":"Automobile Club de Monaco","description":"Un site utilisant WordPress","potentialAction":[{"@type":"SearchAction","target":{"@type":"EntryPoint","urlTemplate":"https:\/\/acm.mc\/en\/?s={search_term_string}"},"query-input":{"@type":"PropertyValueSpecification","valueRequired":true,"valueName":"search_term_string"}}],"inLanguage":"en-US"}]}},"_links":{"self":[{"href":"https:\/\/acm.mc\/en\/wp-json\/wp\/v2\/pages\/8708","targetHints":{"allow":["GET"]}}],"collection":[{"href":"https:\/\/acm.mc\/en\/wp-json\/wp\/v2\/pages"}],"about":[{"href":"https:\/\/acm.mc\/en\/wp-json\/wp\/v2\/types\/page"}],"author":[{"embeddable":true,"href":"https:\/\/acm.mc\/en\/wp-json\/wp\/v2\/users\/1"}],"replies":[{"embeddable":true,"href":"https:\/\/acm.mc\/en\/wp-json\/wp\/v2\/comments?post=8708"}],"version-history":[{"count":2,"href":"https:\/\/acm.mc\/en\/wp-json\/wp\/v2\/pages\/8708\/revisions"}],"predecessor-version":[{"id":10607237,"href":"https:\/\/acm.mc\/en\/wp-json\/wp\/v2\/pages\/8708\/revisions\/10607237"}],"up":[{"embeddable":true,"href":"https:\/\/acm.mc\/en\/wp-json\/wp\/v2\/pages\/8706"}],"wp:attachment":[{"href":"https:\/\/acm.mc\/en\/wp-json\/wp\/v2\/media?parent=8708"}],"wp:term":[{"taxonomy":"category","embeddable":true,"href":"https:\/\/acm.mc\/en\/wp-json\/wp\/v2\/categories?post=8708"}],"curies":[{"name":"wp","href":"https:\/\/api.w.org\/{rel}","templated":true}]}}